{"id":997,"date":"2023-11-28T10:58:43","date_gmt":"2023-11-28T10:58:43","guid":{"rendered":"https:\/\/www.pulmaton.fi\/wordpress\/?page_id=997"},"modified":"2024-10-08T11:43:40","modified_gmt":"2024-10-08T11:43:40","slug":"avoimet-tyopaikat","status":"publish","type":"page","link":"https:\/\/www.pulmaton.fi\/en\/tietoa-meista\/avoimet-tyopaikat\/","title":{"rendered":"Open jobs"},"content":{"rendered":"<h2 class=\"wp-block-heading\">Open jobs<\/h2>\n\n\n\n<h4 class=\"wp-block-heading\"><strong>Open application<\/strong><\/h4>\n\n\n\n<p>Are you a programming or customer service professional? Contact <a href=\"https:\/\/www.pulmaton.fi\/en\/yhteystiedot\/\" data-type=\"page\" data-id=\"51\">Marjaanaan<\/a>, we are always interested in new talent.<\/p>\n\n\n\n<h4 class=\"wp-block-heading\"><strong>Frontend-osaaja rekrytoivan koulutusohjelman kautta<\/strong><\/h4>\n\n\n\n<p>Lue lis\u00e4\u00e4 Sarasen sivuilta: <a href=\"https:\/\/www.saranen.fi\/tyonhakijalle\/toihin-koulutuksesta\/tech-ai-varsinais-suomi\">https:\/\/www.saranen.fi\/tyonhakijalle\/toihin-koulutuksesta\/tech-ai-varsinais-suomi<\/a> ja hae 21.10. menness\u00e4.<\/p>\n\n\n\n<h4 class=\"wp-block-heading\">Internship<\/h4>\n\n\n\n<p>We are able to occasionally offer internship opportunities for IT students. <a href=\"https:\/\/www.pulmaton.fi\/en\/yhteystiedot\/\" data-type=\"page\" data-id=\"51\">Get in touch<\/a> and let's see if we have a project that is just right for you.<\/p>\n\n\n<div class=\"wp-block-image\">\n<figure class=\"aligncenter size-large is-resized\"><img loading=\"lazy\" decoding=\"async\" width=\"1024\" height=\"517\" src=\"https:\/\/www.pulmaton.fi\/wp-content\/uploads\/2023\/11\/robo-suurennuslasi-edessa-1024x517.png\" alt=\"\" class=\"wp-image-1133\" style=\"width:559px;height:auto\" srcset=\"https:\/\/www.pulmaton.fi\/wp-content\/uploads\/2023\/11\/robo-suurennuslasi-edessa-1024x517.png 1024w, https:\/\/www.pulmaton.fi\/wp-content\/uploads\/2023\/11\/robo-suurennuslasi-edessa-300x151.png 300w, https:\/\/www.pulmaton.fi\/wp-content\/uploads\/2023\/11\/robo-suurennuslasi-edessa-768x388.png 768w, https:\/\/www.pulmaton.fi\/wp-content\/uploads\/2023\/11\/robo-suurennuslasi-edessa-1536x775.png 1536w, https:\/\/www.pulmaton.fi\/wp-content\/uploads\/2023\/11\/robo-suurennuslasi-edessa-2048x1033.png 2048w, https:\/\/www.pulmaton.fi\/wp-content\/uploads\/2023\/11\/robo-suurennuslasi-edessa-18x9.png 18w\" sizes=\"auto, (max-width: 1024px) 100vw, 1024px\" \/><\/figure>\n<\/div>","protected":false},"excerpt":{"rendered":"<p>Avoimet ty\u00f6paikat Avoin hakemus Oletko ohjelmoinnin tai asiakaspalvelun ammattilainen? Ole yhteydess\u00e4 Marjaanaan, olemme aina kiinnostuneita uusista kyvyist\u00e4. Frontend-osaaja rekrytoivan koulutusohjelman [&hellip;]<\/p>\n","protected":false},"author":1,"featured_media":0,"parent":215,"menu_order":0,"comment_status":"closed","ping_status":"closed","template":"page-templates\/full-width-container.php","meta":{"footnotes":""},"class_list":["post-997","page","type-page","status-publish","hentry"],"acf":[],"_links":{"self":[{"href":"https:\/\/www.pulmaton.fi\/en\/wp-json\/wp\/v2\/pages\/997","targetHints":{"allow":["GET"]}}],"collection":[{"href":"https:\/\/www.pulmaton.fi\/en\/wp-json\/wp\/v2\/pages"}],"about":[{"href":"https:\/\/www.pulmaton.fi\/en\/wp-json\/wp\/v2\/types\/page"}],"author":[{"embeddable":true,"href":"https:\/\/www.pulmaton.fi\/en\/wp-json\/wp\/v2\/users\/1"}],"replies":[{"embeddable":true,"href":"https:\/\/www.pulmaton.fi\/en\/wp-json\/wp\/v2\/comments?post=997"}],"version-history":[{"count":14,"href":"https:\/\/www.pulmaton.fi\/en\/wp-json\/wp\/v2\/pages\/997\/revisions"}],"predecessor-version":[{"id":1742,"href":"https:\/\/www.pulmaton.fi\/en\/wp-json\/wp\/v2\/pages\/997\/revisions\/1742"}],"up":[{"embeddable":true,"href":"https:\/\/www.pulmaton.fi\/en\/wp-json\/wp\/v2\/pages\/215"}],"wp:attachment":[{"href":"https:\/\/www.pulmaton.fi\/en\/wp-json\/wp\/v2\/media?parent=997"}],"curies":[{"name":"wp","href":"https:\/\/api.w.org\/{rel}","templated":true}]}}