{"id":875,"date":"2023-11-23T11:18:13","date_gmt":"2023-11-23T11:18:13","guid":{"rendered":"https:\/\/www.pulmaton.fi\/wordpress\/?page_id=875"},"modified":"2023-12-04T13:38:30","modified_gmt":"2023-12-04T13:38:30","slug":"marjaana-sjolund","status":"publish","type":"page","link":"https:\/\/www.pulmaton.fi\/en\/tietoa-meista\/tyontekijat\/marjaana-sjolund\/","title":{"rendered":"Marjaana Sj\u00f6lund"},"content":{"rendered":"<h3 class=\"wp-block-heading\">Marjaana Sj\u00f6lund<\/h3>\n\n\n<div class=\"wp-block-image is-style-rounded\">\n<figure class=\"alignright size-large is-resized\"><img loading=\"lazy\" decoding=\"async\" width=\"919\" height=\"1024\" src=\"https:\/\/www.pulmaton.fi\/wp-content\/uploads\/2023\/11\/marjaana-1-e1701082232160-919x1024.jpeg\" alt=\"\" class=\"wp-image-951\" style=\"aspect-ratio:2\/3;object-fit:cover;width:171px\" srcset=\"https:\/\/www.pulmaton.fi\/wp-content\/uploads\/2023\/11\/marjaana-1-e1701082232160-919x1024.jpeg 919w, https:\/\/www.pulmaton.fi\/wp-content\/uploads\/2023\/11\/marjaana-1-e1701082232160-269x300.jpeg 269w, https:\/\/www.pulmaton.fi\/wp-content\/uploads\/2023\/11\/marjaana-1-e1701082232160-768x855.jpeg 768w, https:\/\/www.pulmaton.fi\/wp-content\/uploads\/2023\/11\/marjaana-1-e1701082232160-11x12.jpeg 11w, https:\/\/www.pulmaton.fi\/wp-content\/uploads\/2023\/11\/marjaana-1-e1701082232160.jpeg 959w\" sizes=\"auto, (max-width: 919px) 100vw, 919px\" \/><\/figure>\n<\/div>\n\n\n<p>I am responsible for the software development in our company. My title varies depending on how important I want to feel, but the actual work in any case includes different phases of large-scale software development: system design, coding, testing, and maintenance.<\/p>\n\n\n\n<p>I have a masters degree in Technology with a focus on embedded systems. I have nearly two decades of working experience after my graduation. Most familiar subjects I am with warehouse management, ERP systems and different e-commerce solutions. My favourite programming framework is Ruby on Rails, which enables us programmers to code in a very painlessa way. Naturally I also have experience from other programming languages and frameworks.<\/p>\n\n\n\n<p>My family consists of my husband and two teenage children. In my free time, I play the flute\/alto flute in various hobby ensembles. The latest craze is aquariums, of which I have already managed to establish two.<\/p>","protected":false},"excerpt":{"rendered":"<p>Marjaana Sj\u00f6lund Vastaan yrityksess\u00e4mme tuotekehityksest\u00e4. Tittelini vaihtelee sen mukaan, kuinka t\u00e4rke\u00e4ksi haluan tuntea itseni, mutta varsinainen ty\u00f6 sis\u00e4lt\u00e4\u00e4 joka tapauksessa [&hellip;]<\/p>\n","protected":false},"author":2,"featured_media":0,"parent":198,"menu_order":0,"comment_status":"closed","ping_status":"closed","template":"page-templates\/full-width-container.php","meta":{"footnotes":""},"class_list":["post-875","page","type-page","status-publish","hentry"],"acf":[],"_links":{"self":[{"href":"https:\/\/www.pulmaton.fi\/en\/wp-json\/wp\/v2\/pages\/875","targetHints":{"allow":["GET"]}}],"collection":[{"href":"https:\/\/www.pulmaton.fi\/en\/wp-json\/wp\/v2\/pages"}],"about":[{"href":"https:\/\/www.pulmaton.fi\/en\/wp-json\/wp\/v2\/types\/page"}],"author":[{"embeddable":true,"href":"https:\/\/www.pulmaton.fi\/en\/wp-json\/wp\/v2\/users\/2"}],"replies":[{"embeddable":true,"href":"https:\/\/www.pulmaton.fi\/en\/wp-json\/wp\/v2\/comments?post=875"}],"version-history":[{"count":5,"href":"https:\/\/www.pulmaton.fi\/en\/wp-json\/wp\/v2\/pages\/875\/revisions"}],"predecessor-version":[{"id":1248,"href":"https:\/\/www.pulmaton.fi\/en\/wp-json\/wp\/v2\/pages\/875\/revisions\/1248"}],"up":[{"embeddable":true,"href":"https:\/\/www.pulmaton.fi\/en\/wp-json\/wp\/v2\/pages\/198"}],"wp:attachment":[{"href":"https:\/\/www.pulmaton.fi\/en\/wp-json\/wp\/v2\/media?parent=875"}],"curies":[{"name":"wp","href":"https:\/\/api.w.org\/{rel}","templated":true}]}}