{"id":863,"date":"2023-11-23T10:00:02","date_gmt":"2023-11-23T10:00:02","guid":{"rendered":"https:\/\/www.pulmaton.fi\/wordpress\/?page_id=863"},"modified":"2023-12-14T11:26:49","modified_gmt":"2023-12-14T11:26:49","slug":"tiinasjolund","status":"publish","type":"page","link":"https:\/\/www.pulmaton.fi\/en\/tietoa-meista\/tyontekijat\/tiinasjolund\/","title":{"rendered":"Tiina Sj\u00f6lund"},"content":{"rendered":"<h3 class=\"wp-block-heading\">Tiina Sj\u00f6lund<\/h3>\n\n\n<div class=\"wp-block-image is-style-rounded\">\n<figure class=\"alignright size-large is-resized\"><img loading=\"lazy\" decoding=\"async\" width=\"768\" height=\"1024\" src=\"https:\/\/www.pulmaton.fi\/wp-content\/uploads\/2023\/11\/IMG_20210901_120119-768x1024.jpg\" alt=\"\" class=\"wp-image-820\" style=\"width:190px;height:auto\" srcset=\"https:\/\/www.pulmaton.fi\/wp-content\/uploads\/2023\/11\/IMG_20210901_120119-768x1024.jpg 768w, https:\/\/www.pulmaton.fi\/wp-content\/uploads\/2023\/11\/IMG_20210901_120119-225x300.jpg 225w, https:\/\/www.pulmaton.fi\/wp-content\/uploads\/2023\/11\/IMG_20210901_120119-1152x1536.jpg 1152w, https:\/\/www.pulmaton.fi\/wp-content\/uploads\/2023\/11\/IMG_20210901_120119-1536x2048.jpg 1536w, https:\/\/www.pulmaton.fi\/wp-content\/uploads\/2023\/11\/IMG_20210901_120119-9x12.jpg 9w, https:\/\/www.pulmaton.fi\/wp-content\/uploads\/2023\/11\/IMG_20210901_120119-scaled.jpg 1920w\" sizes=\"auto, (max-width: 768px) 100vw, 768px\" \/><\/figure>\n<\/div>\n\n\n<p>The official position in the organization of Pulmaton is the chairman of the board. In practice, I take care of customer service. I am also responsible for the sales and financial management of the companies.<\/p>\n\n\n\n<p>I have more than 30 years of experience in nearly 200 companies warehouse management or enterprise resource planning system implementation projects. The first deployment I managed took place at the beginning of 1993. The implementation was obviously successful, because the same system is still in use in an updated version. I know the technical wholesale trade very well and manage matters related to a wide range of products and warehouse processes.<\/p>\n\n\n\n<p>I'm at my best when I get to plan, together with the customer, easy-to-use and practical solutions to problems related to the warehouse.<\/p>\n\n\n\n<p>I am involved in rotary activities, where I am able to do good both in my own town and around the world. My other hobbies are golf, travel, reading, baking and studying Italian.<\/p>\n\n\n\n<ul class=\"wp-block-social-links has-normal-icon-size is-content-justification-left is-layout-flex wp-container-core-social-links-is-layout-fdcfc74e wp-block-social-links-is-layout-flex\"><li class=\"wp-social-link wp-social-link-linkedin  wp-block-social-link\"><a href=\"https:\/\/fi.linkedin.com\/in\/tiina-sjolund-8348555a?trk=public_profile_browsemap\" class=\"wp-block-social-link-anchor\"><svg width=\"24\" height=\"24\" viewbox=\"0 0 24 24\" version=\"1.1\" xmlns=\"http:\/\/www.w3.org\/2000\/svg\" aria-hidden=\"true\" focusable=\"false\"><path d=\"M19.7,3H4.3C3.582,3,3,3.582,3,4.3v15.4C3,20.418,3.582,21,4.3,21h15.4c0.718,0,1.3-0.582,1.3-1.3V4.3 C21,3.582,20.418,3,19.7,3z M8.339,18.338H5.667v-8.59h2.672V18.338z M7.004,8.574c-0.857,0-1.549-0.694-1.549-1.548 c0-0.855,0.691-1.548,1.549-1.548c0.854,0,1.547,0.694,1.547,1.548C8.551,7.881,7.858,8.574,7.004,8.574z M18.339,18.338h-2.669 v-4.177c0-0.996-0.017-2.278-1.387-2.278c-1.389,0-1.601,1.086-1.601,2.206v4.249h-2.667v-8.59h2.559v1.174h0.037 c0.356-0.675,1.227-1.387,2.526-1.387c2.703,0,3.203,1.779,3.203,4.092V18.338z\"><\/path><\/svg><span class=\"wp-block-social-link-label screen-reader-text\">LinkedIn<\/span><\/a><\/li><\/ul>\n\n\n\n<p><\/p>","protected":false},"excerpt":{"rendered":"<p>Tiina Sj\u00f6lund Pulmattoman organisaatiossa virallinen asemani on hallituksen puheenjohtaja. K\u00e4yt\u00e4nn\u00f6ss\u00e4 hoidan asiakaspalvelua. Vastuullani on my\u00f6s yritystemme myynti ja taloushallinto. Minulla [&hellip;]<\/p>\n","protected":false},"author":2,"featured_media":0,"parent":198,"menu_order":0,"comment_status":"closed","ping_status":"closed","template":"page-templates\/full-width-container.php","meta":{"footnotes":""},"class_list":["post-863","page","type-page","status-publish","hentry"],"acf":[],"_links":{"self":[{"href":"https:\/\/www.pulmaton.fi\/en\/wp-json\/wp\/v2\/pages\/863","targetHints":{"allow":["GET"]}}],"collection":[{"href":"https:\/\/www.pulmaton.fi\/en\/wp-json\/wp\/v2\/pages"}],"about":[{"href":"https:\/\/www.pulmaton.fi\/en\/wp-json\/wp\/v2\/types\/page"}],"author":[{"embeddable":true,"href":"https:\/\/www.pulmaton.fi\/en\/wp-json\/wp\/v2\/users\/2"}],"replies":[{"embeddable":true,"href":"https:\/\/www.pulmaton.fi\/en\/wp-json\/wp\/v2\/comments?post=863"}],"version-history":[{"count":18,"href":"https:\/\/www.pulmaton.fi\/en\/wp-json\/wp\/v2\/pages\/863\/revisions"}],"predecessor-version":[{"id":1343,"href":"https:\/\/www.pulmaton.fi\/en\/wp-json\/wp\/v2\/pages\/863\/revisions\/1343"}],"up":[{"embeddable":true,"href":"https:\/\/www.pulmaton.fi\/en\/wp-json\/wp\/v2\/pages\/198"}],"wp:attachment":[{"href":"https:\/\/www.pulmaton.fi\/en\/wp-json\/wp\/v2\/media?parent=863"}],"curies":[{"name":"wp","href":"https:\/\/api.w.org\/{rel}","templated":true}]}}