{"id":849,"date":"2023-11-23T09:01:28","date_gmt":"2023-11-23T09:01:28","guid":{"rendered":"https:\/\/www.pulmaton.fi\/wordpress\/?page_id=849"},"modified":"2023-12-07T10:42:05","modified_gmt":"2023-12-07T10:42:05","slug":"addcomp-oy","status":"publish","type":"page","link":"https:\/\/www.pulmaton.fi\/en\/asiakkaamme\/addcomp-oy\/","title":{"rendered":"Addcomp Oy"},"content":{"rendered":"<h3 class=\"wp-block-heading\">Addcomp Oy<\/h3>\n\n\n\n<p><a href=\"https:\/\/www.addcomp.fi\/fi\/\" target=\"_blank\" rel=\"noreferrer noopener\">Addcomp Oy<\/a>&nbsp;is a service company owned by a Swedish listed company. The company produces logistics functions for the companies belonging to the Components Finland group.<\/p>\n\n\n\n<p>The company's warehouse located in Vantaa uses Pulmaton Valvomo warehouse management. The software handles the reception and collection activities of three separate companies. \nIn addition to traditional sheet metal and pallet shelves, the warehouse has several storage machines. \nIn addition to normal picking and shelving operations, the program is also used in production (wire cutting, belt cutting, machining, etc.).<\/p>\n\n\n\n<div class=\"wp-block-columns is-layout-flex wp-container-core-columns-is-layout-9d6595d7 wp-block-columns-is-layout-flex\">\n<div class=\"wp-block-column is-layout-flow wp-block-column-is-layout-flow\" style=\"flex-basis:66.66%\">\n<p>\"We have a long history together with the people of Pulmaton. Our cooperation started already in 1996. When the parties know each other, the development of the program is smooth. The process goes, for example, as follows: first we determine the need (for example, the need to get the picker's signature on the orders to be picked up). Next, we internally come up with an idea of \u200b\u200bhow the work could be done. Then I will contact Pulmaton, where they will think about how the implementation could be handled technically. In addition to the technical description, we get a workload estimate. After the order, we will receive a new feature based on our idea. If in practice something needs to be changed, the feature is further refined until it serves us best. Works well!<\/p>\n\n\n\n<p><br>-Jukka Piipponen, logistics manager<\/p>\n<\/div>\n\n\n\n<div class=\"wp-block-column is-layout-flow wp-block-column-is-layout-flow\" style=\"flex-basis:33.33%\">\n<figure class=\"wp-block-image size-large is-resized is-style-rounded\"><img loading=\"lazy\" decoding=\"async\" width=\"577\" height=\"1024\" src=\"https:\/\/www.pulmaton.fi\/wp-content\/uploads\/2023\/12\/20231130_114702-1-577x1024.jpg\" alt=\"\" class=\"wp-image-1260\" style=\"width:218px;height:auto\" srcset=\"https:\/\/www.pulmaton.fi\/wp-content\/uploads\/2023\/12\/20231130_114702-1-577x1024.jpg 577w, https:\/\/www.pulmaton.fi\/wp-content\/uploads\/2023\/12\/20231130_114702-1-169x300.jpg 169w, https:\/\/www.pulmaton.fi\/wp-content\/uploads\/2023\/12\/20231130_114702-1-768x1364.jpg 768w, https:\/\/www.pulmaton.fi\/wp-content\/uploads\/2023\/12\/20231130_114702-1-865x1536.jpg 865w, https:\/\/www.pulmaton.fi\/wp-content\/uploads\/2023\/12\/20231130_114702-1-1153x2048.jpg 1153w, https:\/\/www.pulmaton.fi\/wp-content\/uploads\/2023\/12\/20231130_114702-1-7x12.jpg 7w, https:\/\/www.pulmaton.fi\/wp-content\/uploads\/2023\/12\/20231130_114702-1-scaled.jpg 1441w\" sizes=\"auto, (max-width: 577px) 100vw, 577px\" \/><\/figure>\n<\/div>\n<\/div>\n\n\n\n<p><\/p>\n\n\n<div class=\"wp-block-image\">\n<figure class=\"alignleft size-full is-resized\"><img decoding=\"async\" src=\"https:\/\/www.pulmaton.fi\/wp-content\/uploads\/2023\/11\/addcomp-logo.png\" alt=\"Addcomp Oy\" class=\"wp-image-852\" style=\"width:297px;height:auto\"\/><\/figure>\n<\/div>","protected":false},"excerpt":{"rendered":"<p>Addcomp Oy Addcomp Oy&nbsp;on ruotsalaisen p\u00f6rssiyhti\u00f6n&nbsp; omistama palveluyritys. Yritys tuottaa logistiikan toiminnot konsernin Components Finland \u2013 ryhm\u00e4\u00e4n kuuluville yhti\u00f6ille. Yrityksen [&hellip;]<\/p>\n","protected":false},"author":2,"featured_media":0,"parent":155,"menu_order":0,"comment_status":"closed","ping_status":"closed","template":"page-templates\/full-width-container.php","meta":{"footnotes":""},"class_list":["post-849","page","type-page","status-publish","hentry"],"acf":[],"_links":{"self":[{"href":"https:\/\/www.pulmaton.fi\/en\/wp-json\/wp\/v2\/pages\/849","targetHints":{"allow":["GET"]}}],"collection":[{"href":"https:\/\/www.pulmaton.fi\/en\/wp-json\/wp\/v2\/pages"}],"about":[{"href":"https:\/\/www.pulmaton.fi\/en\/wp-json\/wp\/v2\/types\/page"}],"author":[{"embeddable":true,"href":"https:\/\/www.pulmaton.fi\/en\/wp-json\/wp\/v2\/users\/2"}],"replies":[{"embeddable":true,"href":"https:\/\/www.pulmaton.fi\/en\/wp-json\/wp\/v2\/comments?post=849"}],"version-history":[{"count":19,"href":"https:\/\/www.pulmaton.fi\/en\/wp-json\/wp\/v2\/pages\/849\/revisions"}],"predecessor-version":[{"id":1284,"href":"https:\/\/www.pulmaton.fi\/en\/wp-json\/wp\/v2\/pages\/849\/revisions\/1284"}],"up":[{"embeddable":true,"href":"https:\/\/www.pulmaton.fi\/en\/wp-json\/wp\/v2\/pages\/155"}],"wp:attachment":[{"href":"https:\/\/www.pulmaton.fi\/en\/wp-json\/wp\/v2\/media?parent=849"}],"curies":[{"name":"wp","href":"https:\/\/api.w.org\/{rel}","templated":true}]}}