{"id":837,"date":"2023-11-23T07:42:52","date_gmt":"2023-11-23T07:42:52","guid":{"rendered":"https:\/\/www.pulmaton.fi\/wordpress\/?page_id=837"},"modified":"2025-08-12T12:34:25","modified_gmt":"2025-08-12T12:34:25","slug":"jokilaakeri-oy","status":"publish","type":"page","link":"https:\/\/www.pulmaton.fi\/en\/asiakkaamme\/jokilaakeri-oy\/","title":{"rendered":"JokiLaakeri Oy"},"content":{"rendered":"<h3 class=\"wp-block-heading\">JokiLaakeri Oy<\/h3>\n\n\n\n<p><a href=\"https:\/\/nomo.com\/fi-fi\" target=\"_blank\" rel=\"noreferrer noopener\">JokiLaakeri Oy<\/a>&nbsp;is part of the Nordic Nomo brand, which offers a wide range of bearings, transmission components and seals, as well as related services. Our operations are based on solid technical know-how, high delivery capability and an emphasis on sustainable development.<\/p>\n\n\n\n<p>Smart is a B2B inventory management and ordering system that our customers use to manage their business. Smart enables more efficient inventory management and order processing, which is central to the smoothness and efficiency of business. The system monitors the inventory status of service shelves in customer companies online. The system automatically generates orders in our enterprise resource planning system within the framework of the consumption data recorded by the customers and the jointly agreed basic data.<\/p>\n\n\n\n<p>Pulmaton's role in the project has been extensive. From e.g. from technology development, system integrations, implementation, to continuous support and development. The strengths of the Smart system have been the ability to respond to changing customer needs and purposes.\nAs far as the system is concerned, Pulmaton has been an excellent partner who has been involved in promoting Smart's success and customer satisfaction. The best thing about cooperating with Pulmaton is that they understand our business. In this way, it is possible for us to develop the solutions we need in cooperation.<\/p>\n\n\n\n<p>-Jonni Hiltunen, Purchase and logistics manager<\/p>\n\n\n<div class=\"wp-block-image\">\n<figure class=\"alignleft size-full is-resized\"><img loading=\"lazy\" decoding=\"async\" width=\"2539\" height=\"480\" src=\"https:\/\/www.pulmaton.fi\/wp-content\/uploads\/2025\/08\/Nomo_logotype_purple_registred_rgb-1.png\" alt=\"\" class=\"wp-image-1936\" style=\"width:410px;height:auto\" srcset=\"https:\/\/www.pulmaton.fi\/wp-content\/uploads\/2025\/08\/Nomo_logotype_purple_registred_rgb-1.png 2539w, https:\/\/www.pulmaton.fi\/wp-content\/uploads\/2025\/08\/Nomo_logotype_purple_registred_rgb-1-300x57.png 300w, https:\/\/www.pulmaton.fi\/wp-content\/uploads\/2025\/08\/Nomo_logotype_purple_registred_rgb-1-1024x194.png 1024w, https:\/\/www.pulmaton.fi\/wp-content\/uploads\/2025\/08\/Nomo_logotype_purple_registred_rgb-1-768x145.png 768w, https:\/\/www.pulmaton.fi\/wp-content\/uploads\/2025\/08\/Nomo_logotype_purple_registred_rgb-1-1536x290.png 1536w, https:\/\/www.pulmaton.fi\/wp-content\/uploads\/2025\/08\/Nomo_logotype_purple_registred_rgb-1-2048x387.png 2048w, https:\/\/www.pulmaton.fi\/wp-content\/uploads\/2025\/08\/Nomo_logotype_purple_registred_rgb-1-18x3.png 18w\" sizes=\"auto, (max-width: 2539px) 100vw, 2539px\" \/><\/figure>\n<\/div>","protected":false},"excerpt":{"rendered":"<p>JokiLaakeri Oy Jokilaakeri Oy&nbsp;on osa Pohjoismaista Nomo-br\u00e4ndi\u00e4, joka tarjoaa laajan valikoiman laakereita, voimansiirtokomponentteja ja tiivisteit\u00e4, sek\u00e4 niihin liittyvi\u00e4 palveluita. Toimintamme [&hellip;]<\/p>\n","protected":false},"author":2,"featured_media":0,"parent":155,"menu_order":0,"comment_status":"closed","ping_status":"closed","template":"page-templates\/full-width-container.php","meta":{"footnotes":""},"class_list":["post-837","page","type-page","status-publish","hentry"],"acf":[],"_links":{"self":[{"href":"https:\/\/www.pulmaton.fi\/en\/wp-json\/wp\/v2\/pages\/837","targetHints":{"allow":["GET"]}}],"collection":[{"href":"https:\/\/www.pulmaton.fi\/en\/wp-json\/wp\/v2\/pages"}],"about":[{"href":"https:\/\/www.pulmaton.fi\/en\/wp-json\/wp\/v2\/types\/page"}],"author":[{"embeddable":true,"href":"https:\/\/www.pulmaton.fi\/en\/wp-json\/wp\/v2\/users\/2"}],"replies":[{"embeddable":true,"href":"https:\/\/www.pulmaton.fi\/en\/wp-json\/wp\/v2\/comments?post=837"}],"version-history":[{"count":6,"href":"https:\/\/www.pulmaton.fi\/en\/wp-json\/wp\/v2\/pages\/837\/revisions"}],"predecessor-version":[{"id":1937,"href":"https:\/\/www.pulmaton.fi\/en\/wp-json\/wp\/v2\/pages\/837\/revisions\/1937"}],"up":[{"embeddable":true,"href":"https:\/\/www.pulmaton.fi\/en\/wp-json\/wp\/v2\/pages\/155"}],"wp:attachment":[{"href":"https:\/\/www.pulmaton.fi\/en\/wp-json\/wp\/v2\/media?parent=837"}],"curies":[{"name":"wp","href":"https:\/\/api.w.org\/{rel}","templated":true}]}}