{"id":74,"date":"2023-10-05T12:25:58","date_gmt":"2023-10-05T09:25:58","guid":{"rendered":"http:\/\/localhost\/wordpress\/?page_id=74"},"modified":"2025-08-21T05:55:02","modified_gmt":"2025-08-21T05:55:02","slug":"ratkaisut","status":"publish","type":"page","link":"https:\/\/www.pulmaton.fi\/en\/ratkaisut\/","title":{"rendered":"Our solutions"},"content":{"rendered":"<h2 class=\"wp-block-heading\">Valvomo WMS<\/h2>\n\n\n\n<p><em>Store, Welmu, Tabletti<\/em> or <em>Vemssi<\/em>, rakkaalla lapsella on monta nime\u00e4. Pulmaton Valvomo WMS on ketter\u00e4 varastonhallintaj\u00e4rjestelm\u00e4, joka integroidaan k\u00e4yt\u00f6ss\u00e4nne olevaan toiminnanohjausj\u00e4rjestelm\u00e4\u00e4n. Selainpohjainen k\u00e4ytt\u00f6liittym\u00e4 mahdollistaa k\u00e4yt\u00f6n perusty\u00f6asemalla, tabletilla, tiedonkeruulaitteella tai tarvittaessa vaikka puhelimella.<\/p>\n\n\n\n<p><\/p>\n\n\n\n<h3 class=\"wp-block-heading\">What to do with Valvomo WMS?<\/h3>\n\n\n\n<div class=\"wp-block-columns is-layout-flex wp-container-core-columns-is-layout-9d6595d7 wp-block-columns-is-layout-flex\">\n<div class=\"wp-block-column is-layout-flow wp-block-column-is-layout-flow\">\n<ul class=\"wp-block-list\">\n<li>collecting<\/li>\n\n\n\n<li>pakataan<\/li>\n\n\n\n<li>vastaanotetaan<\/li>\n\n\n\n<li>hyllytet\u00e4\u00e4n<\/li>\n\n\n\n<li>inventoried<\/li>\n\n\n\n<li>prepared<\/li>\n\n\n\n<li class=\"translation-block\">controlling <strong>warehouse automation systems<\/strong><\/li>\n\n\n\n<li class=\"translation-block\"><strong>monitoring<\/strong> warehouse operations<\/li>\n<\/ul>\n<\/div>\n\n\n\n<div class=\"wp-block-column is-layout-flow wp-block-column-is-layout-flow\">\n<figure data-wp-context=\"{&quot;imageId&quot;:&quot;69f4a51c58993&quot;}\" data-wp-interactive=\"core\/image\" data-wp-key=\"69f4a51c58993\" class=\"wp-block-image size-medium is-resized is-style-rounded wp-lightbox-container\"><img loading=\"lazy\" decoding=\"async\" width=\"300\" height=\"279\" data-wp-class--hide=\"state.isContentHidden\" data-wp-class--show=\"state.isContentVisible\" data-wp-init=\"callbacks.setButtonStyles\" data-wp-on--click=\"actions.showLightbox\" data-wp-on--load=\"callbacks.setButtonStyles\" data-wp-on-window--resize=\"callbacks.setButtonStyles\" src=\"https:\/\/www.pulmaton.fi\/wp-content\/uploads\/2023\/12\/20231130_093316-300x279.jpg\" alt=\"Varaston ker\u00e4ily\" class=\"wp-image-1218\" style=\"width:320px\" srcset=\"https:\/\/www.pulmaton.fi\/wp-content\/uploads\/2023\/12\/20231130_093316-300x279.jpg 300w, https:\/\/www.pulmaton.fi\/wp-content\/uploads\/2023\/12\/20231130_093316-1024x952.jpg 1024w, https:\/\/www.pulmaton.fi\/wp-content\/uploads\/2023\/12\/20231130_093316-768x714.jpg 768w, https:\/\/www.pulmaton.fi\/wp-content\/uploads\/2023\/12\/20231130_093316-1536x1428.jpg 1536w, https:\/\/www.pulmaton.fi\/wp-content\/uploads\/2023\/12\/20231130_093316-2048x1904.jpg 2048w, https:\/\/www.pulmaton.fi\/wp-content\/uploads\/2023\/12\/20231130_093316-13x12.jpg 13w\" sizes=\"auto, (max-width: 300px) 100vw, 300px\" \/><button\n\t\t\tclass=\"lightbox-trigger\"\n\t\t\ttype=\"button\"\n\t\t\taria-haspopup=\"dialog\"\n\t\t\taria-label=\"Enlarge\"\n\t\t\tdata-wp-init=\"callbacks.initTriggerButton\"\n\t\t\tdata-wp-on--click=\"actions.showLightbox\"\n\t\t\tdata-wp-style--right=\"state.imageButtonRight\"\n\t\t\tdata-wp-style--top=\"state.imageButtonTop\"\n\t\t>\n\t\t\t<svg xmlns=\"http:\/\/www.w3.org\/2000\/svg\" width=\"12\" height=\"12\" fill=\"none\" viewbox=\"0 0 12 12\">\n\t\t\t\t<path fill=\"#fff\" d=\"M2 0a2 2 0 0 0-2 2v2h1.5V2a.5.5 0 0 1 .5-.5h2V0H2Zm2 10.5H2a.5.5 0 0 1-.5-.5V8H0v2a2 2 0 0 0 2 2h2v-1.5ZM8 12v-1.5h2a.5.5 0 0 0 .5-.5V8H12v2a2 2 0 0 1-2 2H8Zm2-12a2 2 0 0 1 2 2v2h-1.5V2a.5.5 0 0 0-.5-.5H8V0h2Z\" \/>\n\t\t\t<\/svg>\n\t\t<\/button><\/figure>\n<\/div>\n<\/div>\n\n\n\n<p>Toiminnallisuus rakentuu optimaalisesti rakennetuista ty\u00f6jonoista, joita k\u00e4ytt\u00e4m\u00e4ll\u00e4 varastossa ty\u00f6skentely on tehokasta. Tuote- ja hyllypaikkojen tunnistus perustuu viivakoodeihin, mutta j\u00e4rjestelm\u00e4\u00e4 voidaan k\u00e4ytt\u00e4\u00e4 my\u00f6s ilman niit\u00e4.<\/p>\n\n\n\n<p>Valvomo WMS sis\u00e4lt\u00e4\u00e4 valmiit integraatiot yleisimpiin varastoautomaatteihin, nShift- tai Cargoson-kuljetustenhallintaj\u00e4rjestelm\u00e4\u00e4n sek\u00e4 useaan toiminnanohjausj\u00e4rjestelm\u00e4\u00e4n. <a href=\"https:\/\/www.pulmaton.fi\/en\/valvomo-wms\/rajapinnat\/\" data-type=\"page\" data-id=\"1713\">Learn more about integrations.<\/a><\/p>\n\n\n\n<p><\/p>\n\n\n\n<h3 class=\"wp-block-heading\">What is achieved by using Valvomo WMS?<\/h3>\n\n\n\n<ul class=\"wp-block-list\">\n<li>timeliness of warehouse operations (on-time deliveries)<\/li>\n\n\n\n<li>accuracy of warehouse operations (minimization of picking errors)<\/li>\n\n\n\n<li>efficiency of warehouse operations (decreasing need for human resources)<\/li>\n<\/ul>\n\n\n\n<blockquote class=\"wp-block-quote is-layout-flow wp-block-quote-is-layout-flow\">\n<p>Esimerkki todellisesta el\u00e4m\u00e4st\u00e4: Yrityksess\u00e4 otettiin k\u00e4ytt\u00f6\u00f6n Valvomo WMS, mutta mit\u00e4\u00e4n muuta ei muutettu. Kun ennen k\u00e4ytt\u00f6\u00f6nottoa my\u00f6h\u00e4ss\u00e4 olevien rivien m\u00e4\u00e4r\u00e4 oli 32% toimitetuista, putosi k\u00e4ytt\u00f6\u00f6noton j\u00e4lkeen niiden osuus merkitt\u00e4v\u00e4sti ja varastosta johtuvien my\u00f6h\u00e4stymisien osuus on nykyisin 0.<\/p>\n<\/blockquote>\n\n\n\n<p><\/p>\n\n\n\n<h3 class=\"wp-block-heading\">About techniques<\/h3>\n\n\n\n<p>In our software, we use new, but already proven reliable technology.\nWe always choose the technologies to be used according to the needs of each project.<\/p>\n\n\n\n<p>In a large part of the solutions, we use the Ruby on Rails software framework, which enables an efficient and agile software development process without unnecessary intermediate steps. For the program's data layer, we can choose both SQL and NoSQL databases, depending on the nature of the data to be stored and its usage needs. The user interface of the software can be integrated or it can be completely separated from the program logic and the database.<\/p>\n\n\n\n<p>The software can be installed on cloud services as well as on virtual servers. Cloud services are a particularly easy solution for our customers when the company does not have its own separate IT department.<\/p>\n\n\n\n<p><\/p>\n\n\n\n<h2 class=\"wp-block-heading\"><a href=\"https:\/\/www.pulmaton.fi\/en\/ratkaisut\/raataloidyt-ratkaisut\/\" data-type=\"page\" data-id=\"395\">Tailored solutions for logistics<\/a><\/h2>\n\n\n\n<p>An off-the-shelf program, even with modifications, doesn't always fit a company's warehouse processes perfectly. In that case, the solution is a warehouse management system completely tailored for you.<\/p>\n\n\n\n<p>Pulmaton designs, implements, and maintains digital services that are customized for each client from the ground up to improve the efficiency of your warehouse's operations.<\/p>\n\n\n\n<p><a href=\"https:\/\/www.pulmaton.fi\/en\/ratkaisut\/raataloidyt-ratkaisut\/\" data-type=\"page\" data-id=\"395\">Lue lis\u00e4\u00e4 r\u00e4\u00e4t\u00e4l\u00f6idyist\u00e4 ratkaisuistamme<\/a>.<\/p>\n\n\n<div class=\"wp-block-image\">\n<figure class=\"aligncenter size-large is-resized\"><img loading=\"lazy\" decoding=\"async\" width=\"1024\" height=\"496\" src=\"https:\/\/www.pulmaton.fi\/wordpress\/wp-content\/uploads\/2023\/11\/robo-tietokoneella-1024x496.png\" alt=\"\" class=\"wp-image-1126\" style=\"width:535px;height:auto\" srcset=\"https:\/\/www.pulmaton.fi\/wp-content\/uploads\/2023\/11\/robo-tietokoneella-1024x496.png 1024w, https:\/\/www.pulmaton.fi\/wp-content\/uploads\/2023\/11\/robo-tietokoneella-300x145.png 300w, https:\/\/www.pulmaton.fi\/wp-content\/uploads\/2023\/11\/robo-tietokoneella-768x372.png 768w, https:\/\/www.pulmaton.fi\/wp-content\/uploads\/2023\/11\/robo-tietokoneella-1536x744.png 1536w, https:\/\/www.pulmaton.fi\/wp-content\/uploads\/2023\/11\/robo-tietokoneella-2048x992.png 2048w, https:\/\/www.pulmaton.fi\/wp-content\/uploads\/2023\/11\/robo-tietokoneella-18x9.png 18w, https:\/\/www.pulmaton.fi\/wp-content\/uploads\/2023\/11\/robo-tietokoneella-825x400.png 825w\" sizes=\"auto, (max-width: 1024px) 100vw, 1024px\" \/><\/figure>\n<\/div>","protected":false},"excerpt":{"rendered":"<p>Valvomo WMS Store, Welmu, Tabletti tai Vemssi, rakkaalla lapsella on monta nime\u00e4. Pulmaton Valvomo WMS on ketter\u00e4 varastonhallintaj\u00e4rjestelm\u00e4, joka integroidaan [&hellip;]<\/p>\n","protected":false},"author":2,"featured_media":0,"parent":0,"menu_order":0,"comment_status":"closed","ping_status":"closed","template":"page-templates\/full-width-container.php","meta":{"footnotes":""},"class_list":["post-74","page","type-page","status-publish","hentry"],"acf":[],"_links":{"self":[{"href":"https:\/\/www.pulmaton.fi\/en\/wp-json\/wp\/v2\/pages\/74","targetHints":{"allow":["GET"]}}],"collection":[{"href":"https:\/\/www.pulmaton.fi\/en\/wp-json\/wp\/v2\/pages"}],"about":[{"href":"https:\/\/www.pulmaton.fi\/en\/wp-json\/wp\/v2\/types\/page"}],"author":[{"embeddable":true,"href":"https:\/\/www.pulmaton.fi\/en\/wp-json\/wp\/v2\/users\/2"}],"replies":[{"embeddable":true,"href":"https:\/\/www.pulmaton.fi\/en\/wp-json\/wp\/v2\/comments?post=74"}],"version-history":[{"count":31,"href":"https:\/\/www.pulmaton.fi\/en\/wp-json\/wp\/v2\/pages\/74\/revisions"}],"predecessor-version":[{"id":1969,"href":"https:\/\/www.pulmaton.fi\/en\/wp-json\/wp\/v2\/pages\/74\/revisions\/1969"}],"wp:attachment":[{"href":"https:\/\/www.pulmaton.fi\/en\/wp-json\/wp\/v2\/media?parent=74"}],"curies":[{"name":"wp","href":"https:\/\/api.w.org\/{rel}","templated":true}]}}