{"id":56,"date":"2023-10-05T12:06:22","date_gmt":"2023-10-05T09:06:22","guid":{"rendered":"http:\/\/localhost\/wordpress\/?page_id=56"},"modified":"2026-01-05T05:57:25","modified_gmt":"2026-01-05T05:57:25","slug":"ajankohtaista","status":"publish","type":"page","link":"https:\/\/www.pulmaton.fi\/en\/ajankohtaista\/","title":{"rendered":"Topicals"},"content":{"rendered":"<h2 class=\"wp-block-heading\">Topicals<\/h2>\n\n\n<ul class=\"wp-block-latest-posts__list has-dates alignleft wp-block-latest-posts\"><li><time datetime=\"2026-02-09T11:48:52+00:00\" class=\"wp-block-latest-posts__post-date\">09\/02\/2026<\/time><a class=\"wp-block-latest-posts__post-title\" href=\"https:\/\/www.pulmaton.fi\/en\/2026\/02\/09\/sisalogistiikkaa-ja-uusia-ideoita-poimintoja-limovan-kiertueelta\/\">Sis\u00e4logistiikkaa ja uusia ideoita \u2013 Poimintoja LIMOWAn kiertueelta<\/a><div class=\"wp-block-latest-posts__post-excerpt\">Meid\u00e4n WMS-tiimimme Salla osallistui hiljattain LIMOWAn j\u00e4rjest\u00e4m\u00e4\u00e4n sis\u00e4logistiikan kiertueeseen. Kiertueen ensimm\u00e4inen etappi vei osallistujat suoraan &#8221;syv\u00e4\u00e4n p\u00e4\u00e4tyyn&#8221; \u2013 eli syventym\u00e4\u00e4n\u2026 <a class=\"readmelink\" href=\"https:\/\/www.pulmaton.fi\/en\/2026\/02\/09\/sisalogistiikkaa-ja-uusia-ideoita-poimintoja-limovan-kiertueelta\/\" rel=\"noopener noreferrer\">Read more<span class=\"screen-reader-text\">: Sis\u00e4logistiikkaa ja uusia ideoita \u2013 Poimintoja LIMOWAn kiertueelta<\/span><\/a><\/div><\/li>\n<li><time datetime=\"2026-01-28T07:55:07+00:00\" class=\"wp-block-latest-posts__post-date\">28\/01\/2026<\/time><a class=\"wp-block-latest-posts__post-title\" href=\"https:\/\/www.pulmaton.fi\/en\/2026\/01\/28\/varastonhallinnan-uusi-aikakausi-on-taalla-esittelyssa-valvomo-wms-2-0\/\">Varastonhallinnan uusi aikakausi on t\u00e4\u00e4ll\u00e4 \u2013 Esittelyss\u00e4 Valvomo WMS 2.0<\/a><div class=\"wp-block-latest-posts__post-excerpt\">WMS 2.0 on suunniteltu vastaamaan nykyp\u00e4iv\u00e4n vaatimuksiin niin, ett\u00e4 k\u00e4yt\u00f6n helppous, tekemisen ilo ja tarkkuus pysyv\u00e4t matkassa mukana. Tervetuloa tutustumaan\u2026 <a class=\"readmelink\" href=\"https:\/\/www.pulmaton.fi\/en\/2026\/01\/28\/varastonhallinnan-uusi-aikakausi-on-taalla-esittelyssa-valvomo-wms-2-0\/\" rel=\"noopener noreferrer\">Read more<span class=\"screen-reader-text\">: Varastonhallinnan uusi aikakausi on t\u00e4\u00e4ll\u00e4 \u2013 Esittelyss\u00e4 Valvomo WMS 2.0<\/span><\/a><\/div><\/li>\n<li><time datetime=\"2025-12-24T06:00:00+00:00\" class=\"wp-block-latest-posts__post-date\">24\/12\/2025<\/time><a class=\"wp-block-latest-posts__post-title\" href=\"https:\/\/www.pulmaton.fi\/en\/2025\/12\/24\/katseet-kohti-kynttilan-valoa-kiitos-vuodesta-2025\/\">Katseet kohti kynttil\u00e4n valoa \u2013 kiitos vuodesta 2025!<\/a><div class=\"wp-block-latest-posts__post-excerpt\">Kiitos kuluneesta vuodesta Vuosi 2025 j\u00e4\u00e4 mieleemme uusien askelten vuotena. Yhten\u00e4 isona projektina hioimme oman varastonhallintaohjelmamme askeleen pidemm\u00e4lle, jotta asiat\u2026 <a class=\"readmelink\" href=\"https:\/\/www.pulmaton.fi\/en\/2025\/12\/24\/katseet-kohti-kynttilan-valoa-kiitos-vuodesta-2025\/\" rel=\"noopener noreferrer\">Read more<span class=\"screen-reader-text\">: Katseet kohti kynttil\u00e4n valoa \u2013 kiitos vuodesta 2025!<\/span><\/a><\/div><\/li>\n<li><time datetime=\"2025-10-27T10:29:11+00:00\" class=\"wp-block-latest-posts__post-date\">27\/10\/2025<\/time><a class=\"wp-block-latest-posts__post-title\" href=\"https:\/\/www.pulmaton.fi\/en\/2025\/10\/27\/toimistomme-muuttaa\/\">Toimistomme muuttaa!<\/a><div class=\"wp-block-latest-posts__post-excerpt\">Toimistomme muuttaa uusiin ja isompiin tiloihin perjantaina 31.10. Muuton vuoksi asiakaspalvelumme on poikkeuksellisesti rajoitetusti auki aamup\u00e4iv\u00e4ll\u00e4. Pyrimme palvelemaan teit\u00e4 mahdollisimman\u2026 <a class=\"readmelink\" href=\"https:\/\/www.pulmaton.fi\/en\/2025\/10\/27\/toimistomme-muuttaa\/\" rel=\"noopener noreferrer\">Read more<span class=\"screen-reader-text\">: Toimistomme muuttaa!<\/span><\/a><\/div><\/li>\n<li><time datetime=\"2025-10-02T12:17:04+00:00\" class=\"wp-block-latest-posts__post-date\">02\/10\/2025<\/time><a class=\"wp-block-latest-posts__post-title\" href=\"https:\/\/www.pulmaton.fi\/en\/2025\/10\/02\/alihankintamessujen-tunnelmia\/\">Alihankintamessujen tunnelmia<\/a><div class=\"wp-block-latest-posts__post-excerpt\">Olimme t\u00e4n\u00e4kin vuonna Alihankintamessuilla Kaisan ja Sallan voimin! P\u00e4\u00e4simme juttelemaan hyvin erilaisten ihmisten ja yritysten kanssa. Vaikka ei aina alat\u2026 <a class=\"readmelink\" href=\"https:\/\/www.pulmaton.fi\/en\/2025\/10\/02\/alihankintamessujen-tunnelmia\/\" rel=\"noopener noreferrer\">Read more<span class=\"screen-reader-text\">: Alihankintamessujen tunnelmia<\/span><\/a><\/div><\/li>\n<li><time datetime=\"2025-09-26T05:47:34+00:00\" class=\"wp-block-latest-posts__post-date\">26\/09\/2025<\/time><a class=\"wp-block-latest-posts__post-title\" href=\"https:\/\/www.pulmaton.fi\/en\/2025\/09\/26\/kummiyrityksena-nuoren-jaakiekkoilijan-matkalla\/\">As a corporate sponsor on a young ice hockey player's journey.<\/a><div class=\"wp-block-latest-posts__post-excerpt\">We are proud to support Oskari Arjasalo for the second time on his journey toward his dreams in ice hockey. Ice hockey is a passionate and demanding sport that teaches... <a class=\"readmelink\" href=\"https:\/\/www.pulmaton.fi\/en\/2025\/09\/26\/kummiyrityksena-nuoren-jaakiekkoilijan-matkalla\/\" rel=\"noopener noreferrer\">Read more<span class=\"screen-reader-text\">: Kummiyrityksen\u00e4 nuoren j\u00e4\u00e4kiekkoilijan matkalla<\/span><\/a><\/div><\/li>\n<li><time datetime=\"2025-09-05T12:09:58+00:00\" class=\"wp-block-latest-posts__post-date\">05\/09\/2025<\/time><a class=\"wp-block-latest-posts__post-title\" href=\"https:\/\/www.pulmaton.fi\/en\/2025\/09\/05\/valvomo-wms-2-0-on-pian-taalla\/\">Valvomo WMS 2.0 on pian t\u00e4\u00e4ll\u00e4!<\/a><div class=\"wp-block-latest-posts__post-excerpt\">Marraskuussa tapahtuu! Nimitt\u00e4in Valvomo WMS 2.0 on pian t\u00e4\u00e4ll\u00e4! Suositun varastonhallintaohjelmamme seuraava versio on aivan nurkantakana. Olemme kuunnelleet k\u00e4ytt\u00e4jiemme palautetta,\u2026 <a class=\"readmelink\" href=\"https:\/\/www.pulmaton.fi\/en\/2025\/09\/05\/valvomo-wms-2-0-on-pian-taalla\/\" rel=\"noopener noreferrer\">Read more<span class=\"screen-reader-text\">: Valvomo WMS 2.0 on pian t\u00e4\u00e4ll\u00e4!<\/span><\/a><\/div><\/li>\n<li><time datetime=\"2025-07-07T10:52:06+00:00\" class=\"wp-block-latest-posts__post-date\">07\/07\/2025<\/time><a class=\"wp-block-latest-posts__post-title\" href=\"https:\/\/www.pulmaton.fi\/en\/2025\/07\/07\/kesan-ajan-asiakaspalvelu\/\">Kes\u00e4ajan asiakaspalvelu<\/a><div class=\"wp-block-latest-posts__post-excerpt\">Pulmaton palvelee my\u00f6s kes\u00e4n aikana! Lomailemme lomittain, joten toimistomme ei ole suljettu edes hein\u00e4kuun (toivottavasti tulevilla) helteill\u00e4. Varmimmin saat asiantuntijamme\u2026 <a class=\"readmelink\" href=\"https:\/\/www.pulmaton.fi\/en\/2025\/07\/07\/kesan-ajan-asiakaspalvelu\/\" rel=\"noopener noreferrer\">Read more<span class=\"screen-reader-text\">: Kes\u00e4ajan asiakaspalvelu<\/span><\/a><\/div><\/li>\n<li><time datetime=\"2025-06-10T06:25:08+00:00\" class=\"wp-block-latest-posts__post-date\">10\/06\/2025<\/time><a class=\"wp-block-latest-posts__post-title\" href=\"https:\/\/www.pulmaton.fi\/en\/2025\/06\/10\/liiketoiminnan-uudistaja\/\">Liiketoiminnan uudistaja<\/a><div class=\"wp-block-latest-posts__post-excerpt\">Marjaana k\u00e4vi t\u00e4n\u00e4 vuonna Osaamisraketti-valmennuksen, josta sai hyvien vinkkien, uusien ajatusten ja oppien lis\u00e4ksi my\u00f6s t\u00e4llaisen hienon &#8221;Liiketoiminnan uudistaja&#8221; -osaamismerkin!\u2026 <a class=\"readmelink\" href=\"https:\/\/www.pulmaton.fi\/en\/2025\/06\/10\/liiketoiminnan-uudistaja\/\" rel=\"noopener noreferrer\">Read more<span class=\"screen-reader-text\">: Liiketoiminnan uudistaja<\/span><\/a><\/div><\/li>\n<li><time datetime=\"2025-05-26T08:41:12+00:00\" class=\"wp-block-latest-posts__post-date\">26\/05\/2025<\/time><a class=\"wp-block-latest-posts__post-title\" href=\"https:\/\/www.pulmaton.fi\/en\/2025\/05\/26\/shift-2025\/\">SHIFT 2025<\/a><div class=\"wp-block-latest-posts__post-excerpt\">SHIFT-businessfestivaalit j\u00e4rjestettiin j\u00e4lleen Kupittaalla Turun Tiedepuistossa. Pulmattoman v\u00e4ki oli paikalla tapahtumassa toista kertaa hyvin varautuneena ja t\u00e4ll\u00e4 kertaa tuplavahvuudella viime\u2026 <a class=\"readmelink\" href=\"https:\/\/www.pulmaton.fi\/en\/2025\/05\/26\/shift-2025\/\" rel=\"noopener noreferrer\">Read more<span class=\"screen-reader-text\">: SHIFT 2025<\/span><\/a><\/div><\/li>\n<\/ul>\n\n<div class=\"wp-block-image\">\n<figure class=\"aligncenter size-full is-resized\"><img loading=\"lazy\" decoding=\"async\" width=\"700\" height=\"692\" src=\"https:\/\/www.pulmaton.fi\/wordpress\/wp-content\/uploads\/2023\/11\/shutterstock_1068809999.png\" alt=\"\" class=\"wp-image-725\" style=\"width:385px;height:auto\" srcset=\"https:\/\/www.pulmaton.fi\/wp-content\/uploads\/2023\/11\/shutterstock_1068809999.png 700w, https:\/\/www.pulmaton.fi\/wp-content\/uploads\/2023\/11\/shutterstock_1068809999-300x297.png 300w\" sizes=\"auto, (max-width: 700px) 100vw, 700px\" \/><\/figure>\n<\/div>","protected":false},"excerpt":{"rendered":"<p>Topicals<\/p>","protected":false},"author":1,"featured_media":0,"parent":0,"menu_order":0,"comment_status":"closed","ping_status":"closed","template":"page-templates\/full-width-container.php","meta":{"footnotes":""},"class_list":["post-56","page","type-page","status-publish","hentry"],"acf":[],"_links":{"self":[{"href":"https:\/\/www.pulmaton.fi\/en\/wp-json\/wp\/v2\/pages\/56","targetHints":{"allow":["GET"]}}],"collection":[{"href":"https:\/\/www.pulmaton.fi\/en\/wp-json\/wp\/v2\/pages"}],"about":[{"href":"https:\/\/www.pulmaton.fi\/en\/wp-json\/wp\/v2\/types\/page"}],"author":[{"embeddable":true,"href":"https:\/\/www.pulmaton.fi\/en\/wp-json\/wp\/v2\/users\/1"}],"replies":[{"embeddable":true,"href":"https:\/\/www.pulmaton.fi\/en\/wp-json\/wp\/v2\/comments?post=56"}],"version-history":[{"count":21,"href":"https:\/\/www.pulmaton.fi\/en\/wp-json\/wp\/v2\/pages\/56\/revisions"}],"predecessor-version":[{"id":2436,"href":"https:\/\/www.pulmaton.fi\/en\/wp-json\/wp\/v2\/pages\/56\/revisions\/2436"}],"wp:attachment":[{"href":"https:\/\/www.pulmaton.fi\/en\/wp-json\/wp\/v2\/media?parent=56"}],"curies":[{"name":"wp","href":"https:\/\/api.w.org\/{rel}","templated":true}]}}