{"id":51,"date":"2023-10-05T12:04:28","date_gmt":"2023-10-05T09:04:28","guid":{"rendered":"http:\/\/localhost\/wordpress\/?page_id=51"},"modified":"2026-04-27T09:55:21","modified_gmt":"2026-04-27T09:55:21","slug":"yhteystiedot","status":"publish","type":"page","link":"https:\/\/www.pulmaton.fi\/en\/yhteystiedot\/","title":{"rendered":"Contact us"},"content":{"rendered":"\n<h2 class=\"wp-block-heading\">Yhteystiedot<\/h2>\n\n\n\n<div class=\"wp-block-group\"><div class=\"wp-block-group__inner-container is-layout-constrained wp-block-group-is-layout-constrained\">\n<div class=\"wp-block-columns is-layout-flex wp-container-core-columns-is-layout-9d6595d7 wp-block-columns-is-layout-flex\">\n<div class=\"wp-block-column is-layout-flow wp-block-column-is-layout-flow\">\n<h3 class=\"wp-block-heading\">Pulmaton Solutions Oy \/ Pulmaton Oy<\/h3>\n\n\n\n<p><i class=\"fa-solid fa-phone\" style=\"color: #000000;\"><\/i> <a href=\"tel:0207343240\">020 7343 240<\/a><br><a href=\"mailto:asiakaspalvelu@pulmaton.fi\">asiakaspalvelu@pulmaton.fi<\/a><\/p>\n\n\n\n<p><em>K\u00e4yntiosoite<br><\/em>Kalevantie 25<br>20520 Turku <a style=\"color: #000000;\" href=\"https:\/\/maps.app.goo.gl\/CiewkYWqhBPCQJj9A\" target=\"_blank\" rel=\"noopener\" class=\"fa-solid fa-location-dot\"><\/a><br><\/p>\n\n\n\n<ul class=\"wp-block-social-links has-visible-labels has-icon-color has-icon-background-color is-style-pill-shape is-layout-flex wp-block-social-links-is-layout-flex\"><li style=\"color:#ffffff;background-color:#38b3c9;\" class=\"wp-social-link wp-social-link-linkedin has-white-color wp-block-social-link\"><a rel=\"noopener nofollow\" target=\"_blank\" href=\"https:\/\/www.linkedin.com\/company\/2882956\/\" class=\"wp-block-social-link-anchor\"><svg width=\"24\" height=\"24\" viewBox=\"0 0 24 24\" version=\"1.1\" xmlns=\"http:\/\/www.w3.org\/2000\/svg\" aria-hidden=\"true\" focusable=\"false\"><path d=\"M19.7,3H4.3C3.582,3,3,3.582,3,4.3v15.4C3,20.418,3.582,21,4.3,21h15.4c0.718,0,1.3-0.582,1.3-1.3V4.3 C21,3.582,20.418,3,19.7,3z M8.339,18.338H5.667v-8.59h2.672V18.338z M7.004,8.574c-0.857,0-1.549-0.694-1.549-1.548 c0-0.855,0.691-1.548,1.549-1.548c0.854,0,1.547,0.694,1.547,1.548C8.551,7.881,7.858,8.574,7.004,8.574z M18.339,18.338h-2.669 v-4.177c0-0.996-0.017-2.278-1.387-2.278c-1.389,0-1.601,1.086-1.601,2.206v4.249h-2.667v-8.59h2.559v1.174h0.037 c0.356-0.675,1.227-1.387,2.526-1.387c2.703,0,3.203,1.779,3.203,4.092V18.338z\"><\/path><\/svg><span class=\"wp-block-social-link-label\">LinkedIn<\/span><\/a><\/li>\n\n<li style=\"color:#ffffff;background-color:#38b3c9;\" class=\"wp-social-link wp-social-link-mail has-white-color wp-block-social-link\"><a rel=\"noopener nofollow\" target=\"_blank\" href=\"mailto:asiakaspalvelu@pulmaton.fi\" class=\"wp-block-social-link-anchor\"><svg width=\"24\" height=\"24\" viewBox=\"0 0 24 24\" version=\"1.1\" xmlns=\"http:\/\/www.w3.org\/2000\/svg\" aria-hidden=\"true\" focusable=\"false\"><path d=\"M19,5H5c-1.1,0-2,.9-2,2v10c0,1.1.9,2,2,2h14c1.1,0,2-.9,2-2V7c0-1.1-.9-2-2-2zm.5,12c0,.3-.2.5-.5.5H5c-.3,0-.5-.2-.5-.5V9.8l7.5,5.6,7.5-5.6V17zm0-9.1L12,13.6,4.5,7.9V7c0-.3.2-.5.5-.5h14c.3,0,.5.2.5.5v.9z\"><\/path><\/svg><span class=\"wp-block-social-link-label\">S\u00e4hk\u00f6posti<\/span><\/a><\/li><\/ul>\n<\/div>\n\n\n\n<div class=\"wp-block-column is-vertically-aligned-bottom is-layout-flow wp-block-column-is-layout-flow\">  \n  \n  <div class=\"\n    mailpoet_form_popup_overlay\n      \"><\/div>\n  <div\n    id=\"mailpoet_form_3\"\n    class=\"\n      mailpoet_form\n      mailpoet_form_html\n      mailpoet_form_position_\n      mailpoet_form_animation_\n    \"\n      >\n\n    <style type=\"text\/css\">\n     #mailpoet_form_3 .mailpoet_form {  }\n#mailpoet_form_3 form { margin-bottom: 0; }\n#mailpoet_form_3 p.mailpoet_form_paragraph { margin-bottom: 10px; }\n#mailpoet_form_3 .mailpoet_column_with_background { padding: 10px; }\n#mailpoet_form_3 .mailpoet_form_column:not(:first-child) { margin-left: 20px; }\n#mailpoet_form_3 .mailpoet_paragraph { line-height: 20px; margin-bottom: 20px; }\n#mailpoet_form_3 .mailpoet_segment_label, #mailpoet_form_3 .mailpoet_text_label, #mailpoet_form_3 .mailpoet_textarea_label, #mailpoet_form_3 .mailpoet_select_label, #mailpoet_form_3 .mailpoet_radio_label, #mailpoet_form_3 .mailpoet_checkbox_label, #mailpoet_form_3 .mailpoet_list_label, #mailpoet_form_3 .mailpoet_date_label { display: block; font-weight: normal; }\n#mailpoet_form_3 .mailpoet_text, #mailpoet_form_3 .mailpoet_textarea, #mailpoet_form_3 .mailpoet_select, #mailpoet_form_3 .mailpoet_date_month, #mailpoet_form_3 .mailpoet_date_day, #mailpoet_form_3 .mailpoet_date_year, #mailpoet_form_3 .mailpoet_date { display: block; }\n#mailpoet_form_3 .mailpoet_text, #mailpoet_form_3 .mailpoet_textarea { width: 200px; }\n#mailpoet_form_3 .mailpoet_checkbox {  }\n#mailpoet_form_3 .mailpoet_submit {  }\n#mailpoet_form_3 .mailpoet_divider {  }\n#mailpoet_form_3 .mailpoet_message {  }\n#mailpoet_form_3 .mailpoet_form_loading { width: 30px; text-align: center; line-height: normal; }\n#mailpoet_form_3 .mailpoet_form_loading > span { width: 5px; height: 5px; background-color: #5b5b5b; }#mailpoet_form_3{border-radius: 0px;text-align: left;}#mailpoet_form_3 form.mailpoet_form {padding: 25px;}#mailpoet_form_3{width: 100%;}#mailpoet_form_3 .mailpoet_message {margin: 0; padding: 0 20px;}\n        #mailpoet_form_3 .mailpoet_validate_success {color: #38b3c9}\n        #mailpoet_form_3 input.parsley-success {color: #38b3c9}\n        #mailpoet_form_3 select.parsley-success {color: #38b3c9}\n        #mailpoet_form_3 textarea.parsley-success {color: #38b3c9}\n      \n        #mailpoet_form_3 .mailpoet_validate_error {color: #cf2e2e}\n        #mailpoet_form_3 input.parsley-error {color: #cf2e2e}\n        #mailpoet_form_3 select.parsley-error {color: #cf2e2e}\n        #mailpoet_form_3 textarea.textarea.parsley-error {color: #cf2e2e}\n        #mailpoet_form_3 .parsley-errors-list {color: #cf2e2e}\n        #mailpoet_form_3 .parsley-required {color: #cf2e2e}\n        #mailpoet_form_3 .parsley-custom-error-message {color: #cf2e2e}\n      #mailpoet_form_3 .mailpoet_paragraph.last {margin-bottom: 0} @media (max-width: 500px) {#mailpoet_form_3 {background-image: none;}} @media (min-width: 500px) {#mailpoet_form_3 .last .mailpoet_paragraph:last-child {margin-bottom: 0}}  @media (max-width: 500px) {#mailpoet_form_3 .mailpoet_form_column:last-child .mailpoet_paragraph:last-child {margin-bottom: 0}} \n    <\/style>\n\n    <form\n      target=\"_self\"\n      method=\"post\"\n      action=\"https:\/\/www.pulmaton.fi\/wp-admin\/admin-post.php?action=mailpoet_subscription_form\"\n      class=\"mailpoet_form mailpoet_form_form mailpoet_form_html\"\n      novalidate\n      data-delay=\"\"\n      data-exit-intent-enabled=\"\"\n      data-font-family=\"\"\n      data-cookie-expiration-time=\"\"\n    >\n      <input type=\"hidden\" name=\"data[form_id]\" value=\"3\" \/>\n      <input type=\"hidden\" name=\"token\" value=\"fff445f4c6\" \/>\n      <input type=\"hidden\" name=\"api_version\" value=\"v1\" \/>\n      <input type=\"hidden\" name=\"endpoint\" value=\"subscribers\" \/>\n      <input type=\"hidden\" name=\"mailpoet_method\" value=\"subscribe\" \/>\n\n      <label class=\"mailpoet_hp_email_label\" style=\"display: none !important;\">Please leave this field empty<input type=\"email\" name=\"data[email]\"\/><\/label><div class='mailpoet_form_columns_container'><div class=\"mailpoet_form_columns mailpoet_paragraph mailpoet_vertically_align_top mailpoet_stack_on_mobile\"><div class=\"mailpoet_form_column mailpoet_vertically_align_top\" style=\"flex-basis:50%;\"><h3 class=\"mailpoet-heading  mailpoet-has-font-size\" id=\"block-heading_0.05691231782049089-1595515365731\" style=\"text-align: left; color: #38b3c9; font-size: 25px; line-height: 1.5\"><strong>Ota yhteytt\u00e4<\/strong><\/h3>\n<p class=\"mailpoet_form_paragraph  mailpoet-has-font-size\" style=\"text-align: left; color: #000000; font-size: 18px; line-height: 1.5\">J\u00e4t\u00e4 yhteystietosi ja kerro viestikent\u00e4ss\u00e4 lyhyesti, mit\u00e4 asiasi koskee. Asiantuntijamme vastaa sinulle henkil\u00f6kohtaisesti suoraan s\u00e4hk\u00f6postitse<strong>.<\/strong><\/p>\n<\/div>\n<div class=\"mailpoet_form_column mailpoet_vertically_align_top\" style=\"flex-basis:50%;\"><div class=\"mailpoet_paragraph \"><input type=\"email\" autocomplete=\"email\" class=\"mailpoet_text\" id=\"form_email_3\" name=\"data[form_field_MjY0MjU5OTNlM2Y3X2VtYWls]\" title=\"S\u00e4hk\u00f6posti\" value=\"\" style=\"width:100%;box-sizing:border-box;padding:15px;margin: 0 auto 0 0;font-family:&#039;Trebuchet MS&#039;;font-size:16px;line-height:1.5;height:auto;\" data-automation-id=\"form_email\"  placeholder=\"S\u00e4hk\u00f6posti *\" aria-label=\"S\u00e4hk\u00f6posti *\" data-parsley-errors-container=\".mailpoet_error_l52lr\" data-parsley-required=\"true\" required aria-required=\"true\" data-parsley-minlength=\"6\" data-parsley-maxlength=\"150\" data-parsley-type-message=\"This value should be a valid email.\" data-parsley-required-message=\"This field is required.\"\/><span class=\"mailpoet_error_l52lr\"><\/span><\/div>\n<div class=\"mailpoet_paragraph \"><textarea class=\"mailpoet_textarea\" data-automation-id=\"form_custom_text_area\" rows=\"4\" name=\"data[cf_2]\" placeholder=\"Viesti\" aria-label=\"Viesti\" data-parsley-errors-container=\".mailpoet_error_iqeu6\"style=\"width:100%;box-sizing:border-box;padding:15px;margin: 0 auto 0 0;font-family:&#039;Trebuchet MS&#039;;font-size:16px;line-height:1.5;height:auto;\" ><\/textarea><span class=\"mailpoet_error_iqeu6\"><\/span><\/div>\n<div class=\"mailpoet_paragraph \"><input type=\"submit\" class=\"mailpoet_submit\" value=\"L\u00e4het\u00e4\" data-automation-id=\"subscribe-submit-button\" data-font-family='Trebuchet MS' style=\"width:100%;box-sizing:border-box;background-color:#38b3c9;border-style:solid;border-radius:40px !important;border-width:0px;border-color:#313131;padding:15px;margin: 0 auto 0 0;font-family:&#039;Trebuchet MS&#039;;font-size:16px;line-height:1.5;height:auto;color:#ffffff;font-weight:bold;\" \/><span class=\"mailpoet_form_loading\"><span class=\"mailpoet_bounce1\"><\/span><span class=\"mailpoet_bounce2\"><\/span><span class=\"mailpoet_bounce3\"><\/span><\/span><\/div>\n<\/div>\n<\/div><\/div>\n\n      <div class=\"mailpoet_message\">\n        <p class=\"mailpoet_validate_success\"\n                style=\"display:none;\"\n                >Kiitos yhteydenotosta. Olet j\u00e4tt\u00e4nyt yhteystietosi onnistuneesti. Palaamme asiaan mahdollisimman pian!\n        <\/p>\n        <p class=\"mailpoet_validate_error\"\n                style=\"display:none;\"\n                >        <\/p>\n      <\/div>\n    <\/form>\n\n      <\/div>\n\n  <\/div>\n<\/div>\n\n\n\n<p><\/p>\n\n\n\n<h4 class=\"wp-block-heading\">Henkil\u00f6st\u00f6<\/h4>\n\n\n\n<p>S\u00e4hk\u00f6postit ovat muotoa <em>etunimi@pulmaton.fi<\/em><\/p>\n<\/div><\/div>\n\n\n\n<div class=\"wp-block-columns is-layout-flex wp-container-core-columns-is-layout-9d6595d7 wp-block-columns-is-layout-flex\">\n<div class=\"wp-block-column is-layout-flow wp-block-column-is-layout-flow\">\n<figure class=\"wp-block-image size-full is-resized is-style-rounded\"><img loading=\"lazy\" decoding=\"async\" width=\"640\" height=\"667\" src=\"https:\/\/www.pulmaton.fi\/wp-content\/uploads\/2025\/05\/shift_marjaana-1-edited-3.jpg\" alt=\"\" class=\"wp-image-1876\" style=\"width:142px;height:auto\" srcset=\"https:\/\/www.pulmaton.fi\/wp-content\/uploads\/2025\/05\/shift_marjaana-1-edited-3.jpg 640w, https:\/\/www.pulmaton.fi\/wp-content\/uploads\/2025\/05\/shift_marjaana-1-edited-3-288x300.jpg 288w, https:\/\/www.pulmaton.fi\/wp-content\/uploads\/2025\/05\/shift_marjaana-1-edited-3-12x12.jpg 12w\" sizes=\"auto, (max-width: 640px) 100vw, 640px\" \/><\/figure>\n\n\n\n<p><strong>Marjaana Sj\u00f6lund<\/strong><br>Toimitusjohtaja, tuotekehitys<br><i class=\"fa-solid fa-phone\" style=\"color: #000000;\"><\/i> 040 869 1999<br><a href=\"mailto:marjaana@pulmaton.fi\">marjaana@pulmaton.fi<\/a><\/p>\n<\/div>\n\n\n\n<div class=\"wp-block-column is-layout-flow wp-block-column-is-layout-flow\">\n<figure class=\"wp-block-image size-full is-resized is-style-rounded\"><img loading=\"lazy\" decoding=\"async\" width=\"355\" height=\"533\" src=\"https:\/\/www.pulmaton.fi\/wp-content\/uploads\/2025\/05\/shift_kaisa-edited.jpg\" alt=\"\" class=\"wp-image-1881\" style=\"object-fit:cover;width:142px;height:142px\" srcset=\"https:\/\/www.pulmaton.fi\/wp-content\/uploads\/2025\/05\/shift_kaisa-edited.jpg 355w, https:\/\/www.pulmaton.fi\/wp-content\/uploads\/2025\/05\/shift_kaisa-edited-200x300.jpg 200w, https:\/\/www.pulmaton.fi\/wp-content\/uploads\/2025\/05\/shift_kaisa-edited-8x12.jpg 8w\" sizes=\"auto, (max-width: 355px) 100vw, 355px\" \/><\/figure>\n\n\n\n<p><strong>Kaisa Busk<\/strong><br>Projektinjohto ja asiakaspalvelu<br><i class=\"fa-solid fa-phone\" style=\"color: #000000;\"><\/i> 040 586 1478<br><a href=\"mailto:kaisa@pulmaton.fi\">kaisa@pulmaton.fi<\/a><\/p>\n<\/div>\n\n\n\n<div class=\"wp-block-column is-layout-flow wp-block-column-is-layout-flow\">\n<figure class=\"wp-block-image size-medium is-resized is-style-rounded\"><img loading=\"lazy\" decoding=\"async\" width=\"288\" height=\"300\" src=\"https:\/\/www.pulmaton.fi\/wp-content\/uploads\/2025\/05\/shift_salla-edited-1-288x300.jpeg\" alt=\"\" class=\"wp-image-1872\" style=\"aspect-ratio:1;object-fit:cover;width:142px\" srcset=\"https:\/\/www.pulmaton.fi\/wp-content\/uploads\/2025\/05\/shift_salla-edited-1-288x300.jpeg 288w, https:\/\/www.pulmaton.fi\/wp-content\/uploads\/2025\/05\/shift_salla-edited-1-12x12.jpeg 12w, https:\/\/www.pulmaton.fi\/wp-content\/uploads\/2025\/05\/shift_salla-edited-1.jpeg 564w\" sizes=\"auto, (max-width: 288px) 100vw, 288px\" \/><\/figure>\n\n\n\n<p><strong>Salla Mikkonen<\/strong><br>Frontend-kehitt\u00e4j\u00e4<br><i class=\"fa-solid fa-phone\" style=\"color: #000000;\"><\/i> 040 562 5095<br><a href=\"mailto:salla@pulmaton.fi\">salla@pulmaton.fi<\/a><\/p>\n<\/div>\n<\/div>\n\n\n\n<div class=\"wp-block-columns is-layout-flex wp-container-core-columns-is-layout-9d6595d7 wp-block-columns-is-layout-flex\">\n<div class=\"wp-block-column is-vertically-aligned-center is-layout-flow wp-block-column-is-layout-flow\">\n<figure class=\"wp-block-image size-thumbnail is-resized is-style-rounded\"><img loading=\"lazy\" decoding=\"async\" width=\"150\" height=\"150\" src=\"https:\/\/www.pulmaton.fi\/wp-content\/uploads\/2023\/11\/matias3-1-150x150.jpg\" alt=\"\" class=\"wp-image-991\" style=\"width:142px\" srcset=\"https:\/\/www.pulmaton.fi\/wp-content\/uploads\/2023\/11\/matias3-1-150x150.jpg 150w, https:\/\/www.pulmaton.fi\/wp-content\/uploads\/2023\/11\/matias3-1-11x12.jpg 11w, https:\/\/www.pulmaton.fi\/wp-content\/uploads\/2023\/11\/matias3-1-300x300.jpg 300w\" sizes=\"auto, (max-width: 150px) 100vw, 150px\" \/><\/figure>\n\n\n\n<p><strong>Matias Sj\u00f6lund<\/strong><br>Ohjelmistokehitt\u00e4j\u00e4<br> <i class=\"fa-solid fa-phone\" style=\"color: #000000;\"><\/i> 040 677 2881<br><a href=\"mailto:matias@pulmaton.fi\">matias@pulmaton.fi<\/a><\/p>\n<\/div>\n\n\n\n<div class=\"wp-block-column is-vertically-aligned-center is-layout-flow wp-block-column-is-layout-flow\">\n<p><\/p>\n<\/div>\n\n\n\n<div class=\"wp-block-column is-vertically-aligned-center is-layout-flow wp-block-column-is-layout-flow\">\n<figure class=\"wp-block-image size-thumbnail is-resized is-style-rounded\"><img loading=\"lazy\" decoding=\"async\" width=\"150\" height=\"150\" src=\"https:\/\/www.pulmaton.fi\/wp-content\/uploads\/2023\/11\/robo-ilman-puhekuplaa-150x150.png\" alt=\"\" class=\"wp-image-1128\" style=\"width:142px\" srcset=\"https:\/\/www.pulmaton.fi\/wp-content\/uploads\/2023\/11\/robo-ilman-puhekuplaa-150x150.png 150w, https:\/\/www.pulmaton.fi\/wp-content\/uploads\/2023\/11\/robo-ilman-puhekuplaa-300x300.png 300w\" sizes=\"auto, (max-width: 150px) 100vw, 150px\" \/><\/figure>\n\n\n\n<p><strong>Kristian Sj\u00f6lund<\/strong><br>Hallituksen j\u00e4sen<br><br><a href=\"mailto:kristian@pulmaton.fi\">kristian@pulmaton.fi<\/a><\/p>\n<\/div>\n<\/div>\n\n\n<div class=\"wp-block-image\">\n<figure class=\"aligncenter size-full is-resized\"><img loading=\"lazy\" decoding=\"async\" width=\"2804\" height=\"1403\" src=\"https:\/\/www.pulmaton.fi\/wordpress\/wp-content\/uploads\/2023\/11\/robo-ilman-puhekuplaa.png\" alt=\"\" class=\"wp-image-1128\" style=\"width:425px;height:auto\" srcset=\"https:\/\/www.pulmaton.fi\/wp-content\/uploads\/2023\/11\/robo-ilman-puhekuplaa.png 2804w, https:\/\/www.pulmaton.fi\/wp-content\/uploads\/2023\/11\/robo-ilman-puhekuplaa-300x150.png 300w, https:\/\/www.pulmaton.fi\/wp-content\/uploads\/2023\/11\/robo-ilman-puhekuplaa-1024x512.png 1024w, https:\/\/www.pulmaton.fi\/wp-content\/uploads\/2023\/11\/robo-ilman-puhekuplaa-768x384.png 768w, https:\/\/www.pulmaton.fi\/wp-content\/uploads\/2023\/11\/robo-ilman-puhekuplaa-1536x769.png 1536w, https:\/\/www.pulmaton.fi\/wp-content\/uploads\/2023\/11\/robo-ilman-puhekuplaa-2048x1025.png 2048w, https:\/\/www.pulmaton.fi\/wp-content\/uploads\/2023\/11\/robo-ilman-puhekuplaa-18x9.png 18w\" sizes=\"auto, (max-width: 2804px) 100vw, 2804px\" \/><\/figure>\n<\/div>\n\n\n<p><\/p>\n","protected":false},"excerpt":{"rendered":"<p>Yhteystiedot Pulmaton Solutions Oy \/ Pulmaton Oy 020 7343 240asiakaspalvelu@pulmaton.fi K\u00e4yntiosoiteKalevantie 2520520 Turku Henkil\u00f6st\u00f6 S\u00e4hk\u00f6postit ovat muotoa etunimi@pulmaton.fi Marjaana Sj\u00f6lundToimitusjohtaja, [&hellip;]<\/p>\n","protected":false},"author":2,"featured_media":0,"parent":0,"menu_order":0,"comment_status":"closed","ping_status":"closed","template":"page-templates\/full-width-container.php","meta":{"footnotes":""},"class_list":["post-51","page","type-page","status-publish","hentry"],"acf":[],"_links":{"self":[{"href":"https:\/\/www.pulmaton.fi\/en\/wp-json\/wp\/v2\/pages\/51","targetHints":{"allow":["GET"]}}],"collection":[{"href":"https:\/\/www.pulmaton.fi\/en\/wp-json\/wp\/v2\/pages"}],"about":[{"href":"https:\/\/www.pulmaton.fi\/en\/wp-json\/wp\/v2\/types\/page"}],"author":[{"embeddable":true,"href":"https:\/\/www.pulmaton.fi\/en\/wp-json\/wp\/v2\/users\/2"}],"replies":[{"embeddable":true,"href":"https:\/\/www.pulmaton.fi\/en\/wp-json\/wp\/v2\/comments?post=51"}],"version-history":[{"count":63,"href":"https:\/\/www.pulmaton.fi\/en\/wp-json\/wp\/v2\/pages\/51\/revisions"}],"predecessor-version":[{"id":2897,"href":"https:\/\/www.pulmaton.fi\/en\/wp-json\/wp\/v2\/pages\/51\/revisions\/2897"}],"wp:attachment":[{"href":"https:\/\/www.pulmaton.fi\/en\/wp-json\/wp\/v2\/media?parent=51"}],"curies":[{"name":"wp","href":"https:\/\/api.w.org\/{rel}","templated":true}]}}