{"id":395,"date":"2023-11-13T09:19:27","date_gmt":"2023-11-13T06:19:27","guid":{"rendered":"http:\/\/localhost\/wordpress\/?page_id=395"},"modified":"2025-09-23T09:06:42","modified_gmt":"2025-09-23T09:06:42","slug":"raataloidyt-ratkaisut","status":"publish","type":"page","link":"https:\/\/www.pulmaton.fi\/en\/ratkaisut\/raataloidyt-ratkaisut\/","title":{"rendered":"Tailored solutions for logistics"},"content":{"rendered":"<section class=\"econsult-about-us\">\n\t\t<div class=\"container\">\n\t\t\t<div class=\"row\">\n\t\t\t\t<div class=\"col-md-6 abt_image_wrapper\">\n\t\t\t\t\t<div class=\"about-us-image\" style=\"background-image:url(https:\/\/www.pulmaton.fi\/wp-content\/uploads\/2025\/09\/tilausnakyma.png);  background-size: contain; margin-right: 5px;\">\n<\/div>\n\t\t\t\t<\/div>\n\t\t\t\t<div class=\"col-md-6 about-us-content-wrapper\">\n\t\t\t\t\t<div class=\"about-us-content\">\n\t\t\t\t\t\t<h4>Tailored solutions for logistics<\/h4>\n\t\t\t\t\t\t<div class=\"content\">\n\t\t\t\t\t\t\t<p>Pulmaton designs, implements, and maintains client-specific digital services, custom-built from the ground up to be used in your warehouse operations.<\/p>\n<p>If your company's key asset is a unique warehouse process, it's not worth compromising that competitive advantage to conform to off-the-shelf solutions.<\/p>\n\t\t\t\t\t\t<\/div>\n\t\t\t\t\t<\/div>\n\t\t\t\t<\/div>\n\t\t\t<\/div>\n\t\t<\/div>\n\t<\/section>\n\n\n\n<h2 class=\"wp-block-heading\">Contact us<\/h2>\n\n\n\n<p class=\"translation-block\">Tell us your needs - we implement a solution! <a href=\"https:\/\/www.pulmaton.fi\/en\/yhteystiedot\/\" data-type=\"page\" data-id=\"51\" target=\"_self\">Contact us<\/a>, let's discuss your needs in more detail.<\/p>\n\n\n\n<p class=\"translation-block\">We have implemented a wide range of different customized solutions to improve the efficiency of warehouse operations. We also implement <a href=\"https:\/\/www.pulmaton.fi\/en\/ratkaisut\/rajapinnat\/\" data-type=\"page\" data-id=\"1713\" target=\"_self\"> integrations into the system with other systems or services used by your company<\/a>, such as to the Finnish Tax Administration, transport ordering services, and various ERP systems.<\/p>","protected":false},"excerpt":{"rendered":"<p>R\u00e4\u00e4t\u00e4l\u00f6idyt varastoratkaisut Pulmaton suunnittelee, toteuttaa ja yll\u00e4pit\u00e4\u00e4 asiakaskohtaisesti alusta saakka r\u00e4\u00e4t\u00e4l\u00f6ityj\u00e4 s\u00e4hk\u00f6isi\u00e4 palveluja varastonne k\u00e4ytt\u00f6\u00f6n. Ratkaisu voi olla yhden tietyn [&hellip;]<\/p>\n","protected":false},"author":2,"featured_media":0,"parent":74,"menu_order":0,"comment_status":"closed","ping_status":"closed","template":"page-templates\/full-width-container.php","meta":{"footnotes":""},"class_list":["post-395","page","type-page","status-publish","hentry"],"acf":[],"_links":{"self":[{"href":"https:\/\/www.pulmaton.fi\/en\/wp-json\/wp\/v2\/pages\/395","targetHints":{"allow":["GET"]}}],"collection":[{"href":"https:\/\/www.pulmaton.fi\/en\/wp-json\/wp\/v2\/pages"}],"about":[{"href":"https:\/\/www.pulmaton.fi\/en\/wp-json\/wp\/v2\/types\/page"}],"author":[{"embeddable":true,"href":"https:\/\/www.pulmaton.fi\/en\/wp-json\/wp\/v2\/users\/2"}],"replies":[{"embeddable":true,"href":"https:\/\/www.pulmaton.fi\/en\/wp-json\/wp\/v2\/comments?post=395"}],"version-history":[{"count":14,"href":"https:\/\/www.pulmaton.fi\/en\/wp-json\/wp\/v2\/pages\/395\/revisions"}],"predecessor-version":[{"id":2023,"href":"https:\/\/www.pulmaton.fi\/en\/wp-json\/wp\/v2\/pages\/395\/revisions\/2023"}],"up":[{"embeddable":true,"href":"https:\/\/www.pulmaton.fi\/en\/wp-json\/wp\/v2\/pages\/74"}],"wp:attachment":[{"href":"https:\/\/www.pulmaton.fi\/en\/wp-json\/wp\/v2\/media?parent=395"}],"curies":[{"name":"wp","href":"https:\/\/api.w.org\/{rel}","templated":true}]}}