{"id":394,"date":"2023-11-13T09:19:27","date_gmt":"2023-11-13T06:19:27","guid":{"rendered":"http:\/\/localhost\/wordpress\/?page_id=394"},"modified":"2025-08-21T05:26:16","modified_gmt":"2025-08-21T05:26:16","slug":"tiedonvalitys","status":"publish","type":"page","link":"https:\/\/www.pulmaton.fi\/en\/ratkaisut\/tiedonvalitys\/","title":{"rendered":"Information transmission"},"content":{"rendered":"<h2 class=\"wp-block-heading\">Valvomo WMS ja tiedonv\u00e4litys<\/h2>\n\n\n\n<p>When operating in long subcontracting chains, a lot of orders, invoices and confirmations in electronic form are usually exchanged with a fairly small customer base. Similarly, purchase orders and their confirmations as well as delivery notifications are sent and received from a fairly limited number of suppliers.<\/p>\n\n\n\n<p>N\u00e4ihin tilanteisiin on hy\u00f6dyksi Valvomo WMS-ratkaisuun integroitava tiedonv\u00e4lityslis\u00e4osa, joka osaa lukea mist\u00e4 tahansa j\u00e4rjestelm\u00e4st\u00e4 tietoa ja vied\u00e4 sen l\u00e4hes mihin tahansa j\u00e4rjestelm\u00e4\u00e4n. Se v\u00e4litt\u00e4\u00e4 tilauksia, vahvistuksia, l\u00e4hetteit\u00e4 ja laskuja. Sen ansiosta yrityksesi ty\u00f6ntekij\u00f6iden ei tarvitse kuluttaa aikaa pelkk\u00e4\u00e4n paperien py\u00f6rittelyyn.<\/p>\n\n\n\n<p>Our specialty is converting PDF-format order material to XML (or other truly electronic) format.<\/p>\n\n\n\n<p><\/p>\n\n\n<div class=\"wp-block-image\">\n<figure class=\"aligncenter size-large is-resized\"><img loading=\"lazy\" decoding=\"async\" width=\"1024\" height=\"729\" src=\"https:\/\/www.pulmaton.fi\/wordpress\/wp-content\/uploads\/2023\/11\/sanomavalitys-1024x729.png\" alt=\"\" class=\"wp-image-739\" style=\"width:666px;height:auto\" srcset=\"https:\/\/www.pulmaton.fi\/wp-content\/uploads\/2023\/11\/sanomavalitys-1024x729.png 1024w, https:\/\/www.pulmaton.fi\/wp-content\/uploads\/2023\/11\/sanomavalitys-300x214.png 300w, https:\/\/www.pulmaton.fi\/wp-content\/uploads\/2023\/11\/sanomavalitys-768x547.png 768w, https:\/\/www.pulmaton.fi\/wp-content\/uploads\/2023\/11\/sanomavalitys.png 1079w\" sizes=\"auto, (max-width: 1024px) 100vw, 1024px\" \/><\/figure>\n<\/div>","protected":false},"excerpt":{"rendered":"<p>Valvomo WMS ja tiedonv\u00e4litys Kun toimitaan pitkiss\u00e4 alihankintaketjuissa, vaihdetaan yleens\u00e4 paljon s\u00e4hk\u00f6isess\u00e4 muodossa olevia tilauksia, laskuja ja vahvistuksia melko pienen [&hellip;]<\/p>\n","protected":false},"author":2,"featured_media":0,"parent":74,"menu_order":0,"comment_status":"closed","ping_status":"closed","template":"page-templates\/full-width-container.php","meta":{"footnotes":""},"class_list":["post-394","page","type-page","status-publish","hentry"],"acf":[],"_links":{"self":[{"href":"https:\/\/www.pulmaton.fi\/en\/wp-json\/wp\/v2\/pages\/394","targetHints":{"allow":["GET"]}}],"collection":[{"href":"https:\/\/www.pulmaton.fi\/en\/wp-json\/wp\/v2\/pages"}],"about":[{"href":"https:\/\/www.pulmaton.fi\/en\/wp-json\/wp\/v2\/types\/page"}],"author":[{"embeddable":true,"href":"https:\/\/www.pulmaton.fi\/en\/wp-json\/wp\/v2\/users\/2"}],"replies":[{"embeddable":true,"href":"https:\/\/www.pulmaton.fi\/en\/wp-json\/wp\/v2\/comments?post=394"}],"version-history":[{"count":2,"href":"https:\/\/www.pulmaton.fi\/en\/wp-json\/wp\/v2\/pages\/394\/revisions"}],"predecessor-version":[{"id":1944,"href":"https:\/\/www.pulmaton.fi\/en\/wp-json\/wp\/v2\/pages\/394\/revisions\/1944"}],"up":[{"embeddable":true,"href":"https:\/\/www.pulmaton.fi\/en\/wp-json\/wp\/v2\/pages\/74"}],"wp:attachment":[{"href":"https:\/\/www.pulmaton.fi\/en\/wp-json\/wp\/v2\/media?parent=394"}],"curies":[{"name":"wp","href":"https:\/\/api.w.org\/{rel}","templated":true}]}}