{"id":1713,"date":"2024-09-27T05:54:17","date_gmt":"2024-09-27T05:54:17","guid":{"rendered":"https:\/\/www.pulmaton.fi\/?page_id=1713"},"modified":"2025-08-21T05:27:57","modified_gmt":"2025-08-21T05:27:57","slug":"rajapinnat","status":"publish","type":"page","link":"https:\/\/www.pulmaton.fi\/en\/ratkaisut\/valvomo-wms\/rajapinnat\/","title":{"rendered":"Integraatiot"},"content":{"rendered":"<h2 class=\"wp-block-heading\">Valvomo WMS ja integraatiot<\/h2>\n\n\n\n<p>Olemme toteuttaneet integraatioita asiakkaidemme varastoj\u00e4rjestelmist\u00e4 mm. seuraavien toimijoiden rajapintoihin:<\/p>\n\n\n\n<h4 class=\"wp-block-heading\"><strong>Shipment systems<\/strong><\/h4>\n\n\n\n<ul class=\"wp-block-list\">\n<li>Cargoson<\/li>\n\n\n\n<li>nShift (Unifaun)<\/li>\n<\/ul>\n\n\n\n<p><\/p>\n\n\n\n<h4 class=\"wp-block-heading\">Enterprise resource planning systems<\/h4>\n\n\n\n<ul class=\"wp-block-list\">\n<li>Oscar Tisma \/ Oscar T5<\/li>\n\n\n\n<li>Oscar Tisma varaus<\/li>\n\n\n\n<li>Infocloud ERP<\/li>\n\n\n\n<li>Iptor ERP<\/li>\n\n\n\n<li>CGI Powered<\/li>\n<\/ul>\n\n\n\n<p><\/p>\n\n\n\n<h4 class=\"wp-block-heading\">Government and officials<\/h4>\n\n\n\n<ul class=\"wp-block-list\">\n<li>VeroAPI<\/li>\n\n\n\n<li>Maanmittauslaitos huoneistotietoj\u00e4rjestelm\u00e4<\/li>\n\n\n\n<li>Maanmittauslaitos kiinteist\u00f6tietoj\u00e4rjestelm\u00e4<\/li>\n<\/ul>\n\n\n\n<p><\/p>\n\n\n\n<h4 class=\"wp-block-heading\">Warehouse automation<\/h4>\n\n\n\n<ul class=\"wp-block-list\">\n<li>Kasten Tornado<\/li>\n\n\n\n<li>Lemonsoft Kardex<\/li>\n<\/ul>\n\n\n\n<p><\/p>\n\n\n\n<h4 class=\"wp-block-heading\">Other systems<\/h4>\n\n\n\n<ul class=\"wp-block-list\">\n<li>IDControl<\/li>\n\n\n\n<li>HSY Lukemarajapinta \/ Tilastorajapinta<\/li>\n<\/ul>\n\n\n\n<p><\/p>\n\n\n\n<p>Did you not find the software you use from this list? We can implement integrations to varying interfaces, <a href=\"https:\/\/www.pulmaton.fi\/en\/yhteystiedot\/\" data-type=\"page\" data-id=\"51\">just contact us<\/a>!<\/p>\n\n\n\n<p><\/p>\n\n\n\n<p><\/p>","protected":false},"excerpt":{"rendered":"<p>Valvomo WMS ja integraatiot Olemme toteuttaneet integraatioita asiakkaidemme varastoj\u00e4rjestelmist\u00e4 mm. seuraavien toimijoiden rajapintoihin: Kuljetustilausj\u00e4rjestelm\u00e4t Toiminnan- ja tuotannonohjausj\u00e4rjestelm\u00e4t Valtionhallinto ja viranomaiset [&hellip;]<\/p>\n","protected":false},"author":1,"featured_media":0,"parent":363,"menu_order":0,"comment_status":"closed","ping_status":"closed","template":"page-templates\/full-width-container.php","meta":{"footnotes":""},"class_list":["post-1713","page","type-page","status-publish","hentry"],"acf":[],"_links":{"self":[{"href":"https:\/\/www.pulmaton.fi\/en\/wp-json\/wp\/v2\/pages\/1713","targetHints":{"allow":["GET"]}}],"collection":[{"href":"https:\/\/www.pulmaton.fi\/en\/wp-json\/wp\/v2\/pages"}],"about":[{"href":"https:\/\/www.pulmaton.fi\/en\/wp-json\/wp\/v2\/types\/page"}],"author":[{"embeddable":true,"href":"https:\/\/www.pulmaton.fi\/en\/wp-json\/wp\/v2\/users\/1"}],"replies":[{"embeddable":true,"href":"https:\/\/www.pulmaton.fi\/en\/wp-json\/wp\/v2\/comments?post=1713"}],"version-history":[{"count":6,"href":"https:\/\/www.pulmaton.fi\/en\/wp-json\/wp\/v2\/pages\/1713\/revisions"}],"predecessor-version":[{"id":1946,"href":"https:\/\/www.pulmaton.fi\/en\/wp-json\/wp\/v2\/pages\/1713\/revisions\/1946"}],"up":[{"embeddable":true,"href":"https:\/\/www.pulmaton.fi\/en\/wp-json\/wp\/v2\/pages\/363"}],"wp:attachment":[{"href":"https:\/\/www.pulmaton.fi\/en\/wp-json\/wp\/v2\/media?parent=1713"}],"curies":[{"name":"wp","href":"https:\/\/api.w.org\/{rel}","templated":true}]}}