{"id":1621,"date":"2024-08-20T07:55:12","date_gmt":"2024-08-20T07:55:12","guid":{"rendered":"https:\/\/www.pulmaton.fi\/?page_id=1621"},"modified":"2026-02-05T11:13:02","modified_gmt":"2026-02-05T11:13:02","slug":"etusivu","status":"publish","type":"page","link":"https:\/\/www.pulmaton.fi\/en\/","title":{"rendered":"Pulmaton"},"content":{"rendered":"<section class=\"econsult-banner\">\n\t\t<div class=\"container\">\n\t\t\t<div class=\"econsult-banner-in\">\n\t\t\t\t<div class=\"row\">\n\t\t\t\t\t<div class=\"col-md-6\">\n\t\t\t\t\t\t<div class=\"econsult-banner-image\"><\/div>\n\t\t\t\t\t<\/div>\n\t\t\t\t\t<div class=\"col-md-6\">\n\t\t\t\t\t\t<div class=\"econsult-banner-content\">\n\t\t\t\t\t\t\t<h4 class=\"subtitle\">\n\t\t\t\t\t\t\t\t\t\t\t\t\t\t\t<\/h4>\n\t\t\t\t\t\t\t<h1>\n\t\t\t\t\t\t\t\tBusiness Intelligent Unfair <span>Advantage<\/span>\t\t\t\t\t\t\t<\/h1>\n\t\t\t\t\t\t\t<p>Pulmaton - a competent partner for implementing software solutions that are just right for you.<\/p>\n\t\t\t\t\t\t<\/div>\n\t\t\t\t\t<\/div>\n\t\t\t\t<\/div>\n\t\t\t<\/div>\n\t\t<\/div>\n\t<\/section>\n\n\n\n<section class=\"econsult-services\">\n\t\t<div class=\"container\">\n\t\t\t<div class=\"econsult-services-content-left\">\n\t\t\t\t<div class=\"section-title\">\n\t\t\t\t\t\n<br\/>\n<br\/>\n                                <h2 class=\"smaller-h2\">Decades of expertise, straightforward delivery. Valvomo WMS \u2013 custom-tailored warehouse management for you<\/h2>\n<br\/>\n\n\t\t\t\t<\/div>\n<div class=\"econsult-services-content-left-text\">\n<p>Valvomo WMS adapts to your needs. We listen to your requirements and customize the system for your specific operations. No complicated steps or extra hassle \u2014just straightforward solutions and support that is only a phone call away.<\/p>\n\n<p><i>Ei turhia pulmia, vaan toimivia ratkaisuja ihmiselt\u00e4 ihmiselle.<\/i><\/p>\n<br\/>\n<br\/>\n<\/div>\n\n\t\t\t\t<div class=\"econsult-services-main\">\n\t\t\t\t<div class=\"col-md-6 col-sm-6 econsult-col service_section_0\">\n\n\n\t\t\t\t<div class=\"econsult-services-item\">\n\t\t\t\t\t<div class=\"econsult-services-icon\">\n\t\t\t\t\t\t<i class=\"fas fa-cart-flatbed\"><\/i>\n\t\t\t\t\t<\/div>\n\t\t\t\t\t<div class=\"econsult-services-content\">\n\t\t\t\t\t\t<h4>\n\t\t\t\t\t\t\t<a href=\"https:\/\/www.pulmaton.fi\/en\/ratkaisut\/valvomo-wms\/\">Pulmaton Valvomo WMS 2.0<\/a>\n\t\t\t\t\t\t<\/h4>\n\t\t\t\t\t\t<p>Pulmaton Valvomo WMS is an agile warehouse management system that can be adapted to the customer's needs. Valvomo WMS will be integrated to work seamlessly with your current operational management system.<\/p>\n\t\t\t\t\t<\/div>\n\t\t\t\t\t\t<div class=\"button_wrapper\">\n\t\t\t\t\t\t<a href=\"https:\/\/www.pulmaton.fi\/en\/ratkaisut\/valvomo-wms\/\" class=\"per-btn\"><span>Read more<\/span><i class=\"fa fa-long-arrow-alt-right\"><\/i><\/a>\n\t\t\t\t\t<\/div>\n\n\t\t\t\t<\/div>\n\t\t\t\t<style>\n.service_section_0 .per-btn::before {\ndisplay:none;\n}\n\t\t\t\t\t.service_section_0 .econsult-services-icon i {\n\t\t\t\t\t\tcolor: #38b3c9 !important;\n\t\t\t\t\t}\n\t\t\t\t\t.service_section_0 .econsult-services-item:hover h4 a {\n\t\t\t\t\t\tcolor: #38b3c9;\t\n\t\t\t\t\t}\n\t\t\t\t\t.service_section_0 .econsult-services-btn a i {\n\t\t\t\t\t\tbackground : #97ffff;\n\t\t\t\t\t}\n\t\t\t\t\t.service_section_0 .econsult-services-item:hover .econsult-services-btn a {\n\t\t\t\t\t\tcolor: #38b3c9;\n\t\t\t\t\t}\n\t\t\t\t\t.service_section_0 .econsult-services-item:hover .econsult-services-btn a i {\n\t\t\t\t\t\tbackground: #38b3c9;\n\t\t\t\t\t}\n\t\t\t\t<\/style>\n\t\t\t<\/div>\n\n      <div class=\"col-md-6 col-sm-6 econsult-col service_section_0\">\n\n\t\t\t\t<div class=\"econsult-services-item\">\n\t\t\t\t\t<div class=\"econsult-services-icon\">\n\t\t\t\t\t\t<i class=\"fas fa-cart-plus\"><\/i>\n\t\t\t\t\t<\/div>\n\t\t\t\t\t<div class=\"econsult-services-content\">\n\t\t\t\t\t\t<h4>\n\t\t\t\t\t\t\t<a href=\"https:\/\/www.pulmaton.fi\/en\/ratkaisut\/verkkokauppiaille\/\">E-commerce Warehouse Management<\/a>\n\t\t\t\t\t\t<\/h4>\n\t\t\t\t\t\t<p>As your e-commerce business grows, logistics challenges often become a bottleneck. With the Valvomo warehouse management solution, you can turn your logistics into a competitive advantage and set the stage for successful growth. Valvomo WMS will be integrated to work seamlessly with your online store.<\/p>\n\t\t\t\t\t<\/div>\n\t\t\t\t\t\t<div class=\"button_wrapper\">\n\t\t\t\t\t\t<a href=\"https:\/\/www.pulmaton.fi\/en\/ratkaisut\/verkkokauppiaille\/\" class=\"per-btn\"><span>Read more<\/span><i class=\"fa fa-long-arrow-alt-right\"><\/i><\/a>\n\t\t\t\t\t<\/div>\n\t\t\t\t<\/div>\n\t\t\t\t<style>\n.service_section_0 .per-btn::before {\ndisplay:none;\n}\n\t\t\t\t\t.service_section_0 .econsult-services-icon i {\n\t\t\t\t\t\tcolor: #38b3c9;\n\t\t\t\t\t}\n\t\t\t\t\t.service_section_0 .econsult-services-item:hover h4 a {\n\t\t\t\t\t\tcolor: #38b3c9;\t\n\t\t\t\t\t}\n\t\t\t\t\t.service_section_0 .econsult-services-btn a i {\n\t\t\t\t\t\tbackground : #97ffff;\n\t\t\t\t\t}\n\t\t\t\t\t.service_section_0 .econsult-services-item:hover .econsult-services-btn a {\n\t\t\t\t\t\tcolor: #38b3c9;\n\t\t\t\t\t}\n\t\t\t\t\t.service_section_0 .econsult-services-item:hover .econsult-services-btn a i {\n\t\t\t\t\t\tbackground: #38b3c9;\n\t\t\t\t\t}\n\t\t\t\t<\/style>\n\t\t\t<\/div>\t\t\t\t\t\t\n\n\t\t<\/div>\n\n\t\t<div class=\"econsult-services-main\">\n\n\t\t\t<div class=\"col-md-12 col-sm-12 econsult-col service_section_4\">\n\t\t\t\t<div class=\"econsult-services-item bg-blue\">\n\t\t\t\t\t<div class=\"econsult-services-icon\">\n\t\t\t\t\t\t<i class=\"fas fa-comments\"><\/i>\n\t\t\t\t\t<\/div>\n\t\t\t\t\t<div class=\"econsult-services-content\">\n\t\t\t\t\t\t<h4>\n\t\t\t\t\t\tWarehouse Solutions\n\t\t\t\t\t\t<\/h4>\n\n<div class=\"econsult-services-content-left-with-padding\">\n\t\t\t\t\t\t\n<p><b>Picking doesn't wait \u2013 and neither does our support.<\/b> <br\/>\nWe provide more than just a system. You get a WMS made for you and a partner who understands your operations.<\/p>\n<div class=\"list-container-wms-expl\">\n<ul class=\"ul-wms-expl\">\n<li><b>Direct access to our specialists<\/b> \u2013 we answer right away, with no middleman.<\/li>\n<li><b>Custom WMS solution<\/b> \u2013 tailored exactly to your business requirements.<\/li>\n<li><b>Genuine partnership <\/b> \u2013 we are present where the action happens.<\/li>\n<\/ul>\n<\/div>\n<br>\n<p><b>Let's discuss your needs<\/b><\/p>\n<p>Book a 30-minute brainstorming session directly with our expert \u2013 let's identify the bottlenecks in your warehouse together.<br>\n<br>\n<i>Let\u2019s make your warehouse flow better together.<\/i><\/p>\n<\/div>\n\n\t\t\t\t\t<\/div>\n\t\t\t\t\t\t\n<div class=\"button-row-wrapper\" >\n\n\n\n<div class=\"wp-block-buttons is-content-justification-center is-layout-flex wp-container-core-buttons-is-layout-16018d1d wp-block-buttons-is-layout-flex\">\n<div class=\"wp-block-button open-demo-popup popmake-2316\"><a class=\"wp-block-button__link has-white-color has-text-color has-background has-link-color has-medium-font-size has-custom-font-size wp-element-button\" style=\"background-color:#38b3c9\">Contact us<\/a><\/div>\n<\/div>\n\n\n\n<\/div>\n\n<\/div>\n\t\t\t\t<style>\n\n.smaller-h2{\nfont-size:30px !important;\n}\n\n.bg-blue{\nbackground:#38b3c92e;\ncolor: black;\nborder-radius:25px;\nflex-direction: column;\n}\n\n@media (min-width: 1024px) {\n  .bg-blue {\n    padding-left: 130px;\n    padding-right: 130px;\n  }\n}\n\n.button-row-wrapper {\n    width: 100%; \n    text-align: center; \n    margin: 20px 0; \n}\n\n.econsult-services-in .econsult-services-content h4\n{\npadding-bottom: 25px;\n}\n.econsult-services-main .econsult-col\n{\nwidth: auto;\n}\n.econsult-services-content-left{\ntext-align: left;\n}\n.econsult-services-main {\njustify-content: center;\n}\n.econsult-services-content-left-with-padding{\nmargin-left: auto;\nmargin-right: auto;\ntext-align: left;\n}\n.econsult-services-content-left h2{\ncolor:black;\n}\n.econsult-services-content-left-text p{\nfont-size: 22px !important;\n}\n.service_section_4 .per-btn::before {\ndisplay:none;\n}\n.list-container-wms-expl {\n\n  width: 100%;\n}\n\n.ul-wms-expl {\n  list-style-position: inside; \n  padding: 0;\n  text-align: left;\n}\n\t\t\t\t\t.service_section_4 .econsult-services-icon i {\n\t\t\t\t\t\tcolor: #38b3c9;\n\t\t\t\t\t}\n\t\t\t\t\t.service_section_4 .econsult-services-item:hover h4 a {\n\t\t\t\t\t\tcolor: #38b3c9;\t\n\t\t\t\t\t}\n\t\t\t\t\t.service_section_4 .econsult-services-btn a i {\n\t\t\t\t\t\tbackground : #97ffff;\n\t\t\t\t\t}\n\t\t\t\t\t.service_section_4 .econsult-services-item:hover .econsult-services-btn a {\n\t\t\t\t\t\tcolor: #38b3c9;\n\t\t\t\t\t}\n\t\t\t\t\t.service_section_4 .econsult-services-item:hover .econsult-services-btn a i {\n\t\t\t\t\t\tbackground: #38b3c9;\n\t\t\t\t\t}\n.econsult-about-us{\n   flex-direction: column;  \n   align-items: center;    \n   width: 100%;             \n   text-align: center;\n}\n\n.with-us-txt{\n  font-style: italic;\n \n}\n\n.center-div{\njustify-content: center;\n}\n\t\t\t\t<\/style>\n\t\t\t<\/div>\n\t\t\t\t\t\t\t<\/div>\n\t\t\t<\/div>\n\t\t<\/div>\n\t<\/section>\n\n\n\n<section class=\"econsult-about-us\">\n\t\t<div class=\"container\">\n\t\t\t<div class=\"row econsult-services-main\">\n\t\t\t\t<div class=\"col-md-6 abt_image_wrapper\">\n\t\t\t\t\t<div class=\"about-us-image\"><\/div>\n\t\t\t\t<\/div>\n\t\t\t\t<div class=\"col-md-6 about-us-content-wrapper\">\n\t\t\t\t\t<div class=\"about-us-content\">\n\t\t\t\t\t\t<h4>What is Pulmaton?<\/h4>\n\t\t\t\t\t\t<div class=\"content\">\n<p class=\"with-us-txt\">With us, you don\u2019t just get code\u2014you get a partner who is just a phone call away and understands your warehouse challenges. No extra hassle, just practical solutions from people to people.<\/p>\n\t\t\t\t\t\t\t<p>Pulmaton is multi-talent serving the software industry. We make customized software for all companies. Our core competence is related to the management of the company's logistics processes, but we are also happy to solve problems related to sales, electronic business, statistics and reporting.<\/p>\n<p>Contact us, we will be happy to tell you more.<\/p>\n\t\t\t\t\t\t<\/div>\n\t\t\t\t\t\t<div class=\"button_wrapper center-div\">\n<a href=\"https:\/\/www.pulmaton.fi\/en\/tietoa-meista\/\" class=\"per-btn\"><span>Read more<\/span><i class=\"fa fa-long-arrow-alt-right\"><\/i><\/a>\t\t\n\t\t\t\t \t\t\n<a href=\"https:\/\/www.pulmaton.fi\/en\/yhteystiedot\/\" class=\"per-btn\"><span>Contact us<\/span><i class=\"fa fa-long-arrow-alt-right\"><\/i><\/a>\n\n\n\t\t\t\t\t\t\t<\/div>\n\t\t\t\t\t<\/div>\n\t\t\t\t<\/div>\n\t\t\t<\/div>\n\t\t<\/div>\n\t<\/section>\n\n\n\n<section class=\"econsult-testi\">\n\t\t<div class=\"container\">\n\t\t\t<div class=\"section-title\">\n\t\t\t\t<p><\/p>\n\t\t\t\t<h2>Read what our customers say about us<\/h2>\n\t\t\t<\/div>\n\t\t\t<div class=\"row\">\n                <div class=\"testi-slider slick-initialized slick-slider\">\t\t\t<div class=\"slick-list draggable\"><div class=\"slick-track\" style=\"opacity: 1; width: 1239px;  transform: translate3d(0px, 0px, 0px);\"><div class=\"col-md-4 slick-slide slick-current slick-active\" data-slick-index=\"0\" aria-hidden=\"false\" style=\"width: 413px;\">\n                <div class=\"econsult-testi-item text-center\">\n                    <div class=\"econsult-testi-details\">\n                        <p class=\"m-0\">As far as the system is concerned, Pulmaton has been an excellent partner who has been involved in promoting Smart's success and customer satisfaction. The best thing about cooperating with Pulmaton is that they understand our business. In this way, it is possible for us to develop the solutions we need in cooperation.<\/p>\n                    <\/div>\n                    <div class=\"econsult-testi-author\" style=\"\">\n                        <img decoding=\"async\" src=\"https:\/\/www.pulmaton.fi\/wp-content\/uploads\/2023\/11\/nomo-e1701084458618.jpeg\">\n                        <div class=\"econsult-testi-author-title\">\n                            <h4>Jonni Hiltunen<\/h4>\n                            <p>Purchase &amp; Logistics manager, JokiLaakeri Oy<\/p>\n                        <\/div>\n                    <\/div>\n                <\/div>\n            <\/div><div class=\"col-md-4 slick-slide slick-active\" data-slick-index=\"1\" aria-hidden=\"false\" style=\"width: 413px;\">\n                <div class=\"econsult-testi-item text-center\">\n                    <div class=\"econsult-testi-details\">\n                        <p class=\"m-0\">Cooperation with Pulmaton has gone seamlessly! The success of the major warehouse renovation required agility from the system supplier, and it was commendably found. The system has worked reliably and the need that have arisen during use have also been fixed quickly and cost-effectively.<\/p>\n                    <\/div>\n                    <div class=\"econsult-testi-author\" style=\"\">\n                        <img decoding=\"async\" src=\"https:\/\/www.pulmaton.fi\/wp-content\/uploads\/2023\/11\/kattotutka-e1700131064774.png\">\n                        <div class=\"econsult-testi-author-title\">\n                            <h4>Mikael Turtinen<\/h4>\n                            <p>Sales director, Kattotutka Oy<\/p>\n                        <\/div>\n                    <\/div>\n                <\/div>\n            <\/div><div class=\"col-md-4 slick-slide slick-active\" data-slick-index=\"2\" aria-hidden=\"false\" style=\"width: 413px;\">\n                <div class=\"econsult-testi-item text-center\">\n                    <div class=\"econsult-testi-details\">\n                        <p class=\"m-0\">We have a long history together with the people of Pulmaton. Our cooperation started already in 1996. When the parties know each other, the development of the program is smooth. The features of the software will continue to be refined until the software serves us best. Works well!<\/p>\n                    <\/div>\n                    <div class=\"econsult-testi-author\" style=\"\">\n                        <img decoding=\"async\" src=\"https:\/\/www.pulmaton.fi\/wp-content\/uploads\/2023\/11\/addcomp-logo-muokattu-2-e1701068326123.jpg\">\n                        <div class=\"econsult-testi-author-title\">\n                            <h4>Jukka Piipponen<\/h4>\n                            <p>Logistics manager, Addcomp Oy<\/p>\n                        <\/div>\n                    <\/div>\n                <\/div>\n            <\/div><\/div><\/div>\n\t\t\t\t\t\t\n\t\t\t\t\t\t\n\t\t\t<\/div>            <\/div>\n\t\t<\/div>\n\t<\/section>\n\n\n\n<h2 class=\"wp-block-heading has-text-align-center\">Topicals<\/h2>\n\n\n<ul class=\"wp-block-latest-posts__list has-dates wp-block-latest-posts\"><li><time datetime=\"2026-04-22T07:48:56+00:00\" class=\"wp-block-latest-posts__post-date\">22\/04\/2026<\/time><a class=\"wp-block-latest-posts__post-title\" href=\"https:\/\/www.pulmaton.fi\/en\/2026\/04\/22\/koodin-takana-leo-ruby-on-rails-helppoa-hauskaa-ja-tehokasta\/\">Koodin takana: Leo \u2013 Ruby on Rails: Helppoa, hauskaa ja tehokasta<\/a><div class=\"wp-block-latest-posts__post-excerpt\">Kun aloitin Pulmattomalla kes\u00e4ll\u00e4 2023, en ollut kuullutkaan Ruby on Railssista (RoR). Kuitenkin hyvin nopeasti t\u00f6it\u00e4 tekem\u00e4ll\u00e4 ja minulle kustannettua\u2026 <a class=\"readmelink\" href=\"https:\/\/www.pulmaton.fi\/en\/2026\/04\/22\/koodin-takana-leo-ruby-on-rails-helppoa-hauskaa-ja-tehokasta\/\" rel=\"noopener noreferrer\">Read more<span class=\"screen-reader-text\">: Koodin takana: Leo \u2013 Ruby on Rails: Helppoa, hauskaa ja tehokasta<\/span><\/a><\/div><\/li>\n<\/ul>\n\n\n<p><\/p>\n\n\n\n<div class=\"button_wrapper\">\n\t<a href=\"\/en\/ajankohtaista\/\" class=\"per-btn2\"> \n\t\t\t\t\t<span>Read more about topicals<\/span>\n\t\t\t\t\t<i class=\"fa fa-long-arrow-alt-right\">\n\t\t\t\t\t<\/i>\n\t\t\t\t\t<\/a> \n<\/div>","protected":false},"excerpt":{"rendered":"<p>Business Intelligent Unfair Advantage Pulmaton &#8211; osaava kumppani juuri teille sopivien ohjelmistoratkaisujen toteuttamiseen. Vuosikymmenten kokemus, mutkaton toteutus. Valvomo WMS \u2013 [&hellip;]<\/p>\n","protected":false},"author":1,"featured_media":0,"parent":0,"menu_order":0,"comment_status":"closed","ping_status":"closed","template":"page-templates\/full-width-container.php","meta":{"footnotes":""},"class_list":["post-1621","page","type-page","status-publish","hentry"],"acf":[],"_links":{"self":[{"href":"https:\/\/www.pulmaton.fi\/en\/wp-json\/wp\/v2\/pages\/1621","targetHints":{"allow":["GET"]}}],"collection":[{"href":"https:\/\/www.pulmaton.fi\/en\/wp-json\/wp\/v2\/pages"}],"about":[{"href":"https:\/\/www.pulmaton.fi\/en\/wp-json\/wp\/v2\/types\/page"}],"author":[{"embeddable":true,"href":"https:\/\/www.pulmaton.fi\/en\/wp-json\/wp\/v2\/users\/1"}],"replies":[{"embeddable":true,"href":"https:\/\/www.pulmaton.fi\/en\/wp-json\/wp\/v2\/comments?post=1621"}],"version-history":[{"count":267,"href":"https:\/\/www.pulmaton.fi\/en\/wp-json\/wp\/v2\/pages\/1621\/revisions"}],"predecessor-version":[{"id":2800,"href":"https:\/\/www.pulmaton.fi\/en\/wp-json\/wp\/v2\/pages\/1621\/revisions\/2800"}],"wp:attachment":[{"href":"https:\/\/www.pulmaton.fi\/en\/wp-json\/wp\/v2\/media?parent=1621"}],"curies":[{"name":"wp","href":"https:\/\/api.w.org\/{rel}","templated":true}]}}