{"id":155,"date":"2023-10-10T09:06:49","date_gmt":"2023-10-10T06:06:49","guid":{"rendered":"http:\/\/localhost\/wordpress\/?page_id=155"},"modified":"2025-11-14T10:04:46","modified_gmt":"2025-11-14T10:04:46","slug":"asiakkaamme","status":"publish","type":"page","link":"https:\/\/www.pulmaton.fi\/en\/asiakkaamme\/","title":{"rendered":"Customers"},"content":{"rendered":"<h2 class=\"wp-block-heading\">Customers<\/h2>\n\n\n\n<p>Our uncomplicated service is based on understanding the customer's business and the processes involved in it. Mutual trust is the basis of successful cooperation.<br>Our customer relationships are long-term, continuous from one user generation to another.<\/p>\n\n\n\n<p>Get to know our customers.<\/p>\n\n\n\n<p><\/p>\n\n\n<div class=\"wp-block-image\">\n<figure class=\"aligncenter size-full is-resized\"><a href=\"\/en\/asiakkaamme\/jokilaakeri-oy\/\"><img loading=\"lazy\" decoding=\"async\" width=\"2539\" height=\"480\" src=\"https:\/\/www.pulmaton.fi\/wp-content\/uploads\/2025\/08\/Nomo_logotype_purple_registred_rgb-1.png\" alt=\"\" class=\"wp-image-1936\" style=\"width:339px;height:auto\" srcset=\"https:\/\/www.pulmaton.fi\/wp-content\/uploads\/2025\/08\/Nomo_logotype_purple_registred_rgb-1.png 2539w, https:\/\/www.pulmaton.fi\/wp-content\/uploads\/2025\/08\/Nomo_logotype_purple_registred_rgb-1-300x57.png 300w, https:\/\/www.pulmaton.fi\/wp-content\/uploads\/2025\/08\/Nomo_logotype_purple_registred_rgb-1-1024x194.png 1024w, https:\/\/www.pulmaton.fi\/wp-content\/uploads\/2025\/08\/Nomo_logotype_purple_registred_rgb-1-768x145.png 768w, https:\/\/www.pulmaton.fi\/wp-content\/uploads\/2025\/08\/Nomo_logotype_purple_registred_rgb-1-1536x290.png 1536w, https:\/\/www.pulmaton.fi\/wp-content\/uploads\/2025\/08\/Nomo_logotype_purple_registred_rgb-1-2048x387.png 2048w, https:\/\/www.pulmaton.fi\/wp-content\/uploads\/2025\/08\/Nomo_logotype_purple_registred_rgb-1-18x3.png 18w\" sizes=\"auto, (max-width: 2539px) 100vw, 2539px\" \/><\/a><\/figure>\n<\/div>\n\n\n<blockquote class=\"wp-block-quote is-layout-flow wp-block-quote-is-layout-flow\">\n<p>As far as the system is concerned, Pulmaton has been an excellent partner who has been involved in promoting Smart's success and customer satisfaction. The best thing about cooperating with Pulmaton is that they understand our business. In this way, it is possible for us to develop the solutions we need in cooperation.<\/p>\n<\/blockquote>\n\n\n\n<p>Jonni Hiltunen - Purchase and logistics manager, JokiLaakeri Oy<\/p>\n\n\n\n<p><\/p>\n\n\n<div class=\"wp-block-image\">\n<figure class=\"aligncenter size-full is-resized\"><a href=\"\/en\/asiakkaamme\/kattotutka-oy\/\"><img loading=\"lazy\" decoding=\"async\" width=\"410\" height=\"123\" src=\"https:\/\/www.pulmaton.fi\/wp-content\/uploads\/2023\/11\/kattotutka-1.png\" alt=\"\" class=\"wp-image-773\" style=\"width:323px;height:auto\" srcset=\"https:\/\/www.pulmaton.fi\/wp-content\/uploads\/2023\/11\/kattotutka-1.png 410w, https:\/\/www.pulmaton.fi\/wp-content\/uploads\/2023\/11\/kattotutka-1-300x90.png 300w, https:\/\/www.pulmaton.fi\/wp-content\/uploads\/2023\/11\/kattotutka-1-18x5.png 18w\" sizes=\"auto, (max-width: 410px) 100vw, 410px\" \/><\/a><\/figure>\n<\/div>\n\n\n<blockquote class=\"wp-block-quote is-layout-flow wp-block-quote-is-layout-flow\">\n<p>Cooperation with Pulmaton has gone seamlessly! The success of the major warehouse renovation required agility from the system supplier, and it was commendably found. The system has worked reliably and the need that have arisen during use have also been fixed quickly and cost-effectively.<\/p>\n<\/blockquote>\n\n\n\n<p>Mikael Turtinen \u2013 Sales director, Kattotutka Oy<\/p>\n\n\n<div class=\"wp-block-image\">\n<figure class=\"aligncenter size-full is-resized\"><a href=\"\/en\/asiakkaamme\/addcomp-oy\/\"><img loading=\"lazy\" decoding=\"async\" width=\"214\" height=\"31\" src=\"https:\/\/www.pulmaton.fi\/wp-content\/uploads\/2023\/11\/addcomp-logo.png\" alt=\"\" class=\"wp-image-1060\" style=\"width:290px;height:auto\" srcset=\"https:\/\/www.pulmaton.fi\/wp-content\/uploads\/2023\/11\/addcomp-logo.png 214w, https:\/\/www.pulmaton.fi\/wp-content\/uploads\/2023\/11\/addcomp-logo-18x3.png 18w\" sizes=\"auto, (max-width: 214px) 100vw, 214px\" \/><\/a><\/figure>\n<\/div>\n\n\n<blockquote class=\"wp-block-quote is-layout-flow wp-block-quote-is-layout-flow\">\n<p>We have a long history together with the people of Pulmaton. Our cooperation started already in 1996. When the parties know each other, the development of the program is smooth. The features of the software will continue to be refined until the software serves us best. Works well!<\/p>\n<\/blockquote>\n\n\n\n<p>Jukka Piipponen - Logistics manager, Addcomp Oy<\/p>\n\n\n\n<p><\/p>","protected":false},"excerpt":{"rendered":"<p>Asiakkaamme Pulmaton palvelumme perustuu asiakkaan liiketoiminnan ja siihen sis\u00e4ltyvien prosessien ymm\u00e4rt\u00e4miseen. Molemminpuolinen luottamus on menestyksekk\u00e4\u00e4n yhteisty\u00f6n perusta.Asiakassuhteemme ovat pitk\u00e4aikaisia, k\u00e4ytt\u00e4j\u00e4sukupolvesta [&hellip;]<\/p>\n","protected":false},"author":2,"featured_media":0,"parent":0,"menu_order":0,"comment_status":"closed","ping_status":"closed","template":"page-templates\/full-width-container.php","meta":{"footnotes":""},"class_list":["post-155","page","type-page","status-publish","hentry"],"acf":[],"_links":{"self":[{"href":"https:\/\/www.pulmaton.fi\/en\/wp-json\/wp\/v2\/pages\/155","targetHints":{"allow":["GET"]}}],"collection":[{"href":"https:\/\/www.pulmaton.fi\/en\/wp-json\/wp\/v2\/pages"}],"about":[{"href":"https:\/\/www.pulmaton.fi\/en\/wp-json\/wp\/v2\/types\/page"}],"author":[{"embeddable":true,"href":"https:\/\/www.pulmaton.fi\/en\/wp-json\/wp\/v2\/users\/2"}],"replies":[{"embeddable":true,"href":"https:\/\/www.pulmaton.fi\/en\/wp-json\/wp\/v2\/comments?post=155"}],"version-history":[{"count":36,"href":"https:\/\/www.pulmaton.fi\/en\/wp-json\/wp\/v2\/pages\/155\/revisions"}],"predecessor-version":[{"id":2306,"href":"https:\/\/www.pulmaton.fi\/en\/wp-json\/wp\/v2\/pages\/155\/revisions\/2306"}],"wp:attachment":[{"href":"https:\/\/www.pulmaton.fi\/en\/wp-json\/wp\/v2\/media?parent=155"}],"curies":[{"name":"wp","href":"https:\/\/api.w.org\/{rel}","templated":true}]}}