{"id":1474,"date":"2024-05-15T07:22:51","date_gmt":"2024-05-15T07:22:51","guid":{"rendered":"https:\/\/www.pulmaton.fi\/?page_id=1474"},"modified":"2024-05-15T07:40:32","modified_gmt":"2024-05-15T07:40:32","slug":"kaisa-busk","status":"publish","type":"page","link":"https:\/\/www.pulmaton.fi\/en\/tietoa-meista\/tyontekijat\/kaisa-busk\/","title":{"rendered":"Kaisa Busk"},"content":{"rendered":"<h3 class=\"wp-block-heading\">Kaisa Busk<\/h3>\n\n\n<div class=\"wp-block-image is-style-rounded\">\n<figure class=\"alignright size-large is-resized\"><img loading=\"lazy\" decoding=\"async\" width=\"768\" height=\"1024\" src=\"https:\/\/www.pulmaton.fi\/wp-content\/uploads\/2024\/05\/Kaisa-768x1024.jpg\" alt=\"\" class=\"wp-image-1477\" style=\"width:223px;height:auto\" srcset=\"https:\/\/www.pulmaton.fi\/wp-content\/uploads\/2024\/05\/Kaisa-768x1024.jpg 768w, https:\/\/www.pulmaton.fi\/wp-content\/uploads\/2024\/05\/Kaisa-225x300.jpg 225w, https:\/\/www.pulmaton.fi\/wp-content\/uploads\/2024\/05\/Kaisa-1152x1536.jpg 1152w, https:\/\/www.pulmaton.fi\/wp-content\/uploads\/2024\/05\/Kaisa-9x12.jpg 9w, https:\/\/www.pulmaton.fi\/wp-content\/uploads\/2024\/05\/Kaisa.jpg 1536w\" sizes=\"auto, (max-width: 768px) 100vw, 768px\" \/><\/figure>\n<\/div>\n\n\n<p>At Pulmaton my title is application specialist, but i mainly work in project management and i take care of customer service. I also take care of other running matters as needed.&nbsp;<\/p>\n\n\n\n<p>I am a software developer and animal caretaker by education. I\u2019ve been working with animals for a few years and now I'm starting my new career in the Pulmaton team. \nI was already familiar with Pulmaton when i was doing an internship here before i graduated and i did the renewed website as a project.&nbsp;<\/p>\n\n\n\n<p>The most important thing for me is that the customers problems must be solved and the solutions is as functional as possible for the customers needs.&nbsp;&nbsp;<\/p>\n\n\n\n<p>I have been volunteer fire fighter my whole life and it\u2019s really close to my heart. I belong to the crew of S\u00e4kyl\u00e4n VPK, so my free time is mostly spent in fire department, regardless of the time of day. \nI also go to the gym and do all kinds of other exercises. I also like to play on the computer and otherwise work around computers.&nbsp;<\/p>","protected":false},"excerpt":{"rendered":"<p>Kaisa Busk Yrityksess\u00e4 olen sovellusasiantuntija, mutta toimin p\u00e4\u00e4s\u00e4\u00e4nt\u00f6isesti&nbsp;projektinjohdossa sek\u00e4 hoidan asiakaspalvelua. Hoidan my\u00f6s muita juoksevia asioita tarpeen mukaan.&nbsp; Koulutukseltani olen [&hellip;]<\/p>\n","protected":false},"author":2,"featured_media":0,"parent":198,"menu_order":0,"comment_status":"closed","ping_status":"closed","template":"page-templates\/full-width-container.php","meta":{"footnotes":""},"class_list":["post-1474","page","type-page","status-publish","hentry"],"acf":[],"_links":{"self":[{"href":"https:\/\/www.pulmaton.fi\/en\/wp-json\/wp\/v2\/pages\/1474","targetHints":{"allow":["GET"]}}],"collection":[{"href":"https:\/\/www.pulmaton.fi\/en\/wp-json\/wp\/v2\/pages"}],"about":[{"href":"https:\/\/www.pulmaton.fi\/en\/wp-json\/wp\/v2\/types\/page"}],"author":[{"embeddable":true,"href":"https:\/\/www.pulmaton.fi\/en\/wp-json\/wp\/v2\/users\/2"}],"replies":[{"embeddable":true,"href":"https:\/\/www.pulmaton.fi\/en\/wp-json\/wp\/v2\/comments?post=1474"}],"version-history":[{"count":4,"href":"https:\/\/www.pulmaton.fi\/en\/wp-json\/wp\/v2\/pages\/1474\/revisions"}],"predecessor-version":[{"id":1485,"href":"https:\/\/www.pulmaton.fi\/en\/wp-json\/wp\/v2\/pages\/1474\/revisions\/1485"}],"up":[{"embeddable":true,"href":"https:\/\/www.pulmaton.fi\/en\/wp-json\/wp\/v2\/pages\/198"}],"wp:attachment":[{"href":"https:\/\/www.pulmaton.fi\/en\/wp-json\/wp\/v2\/media?parent=1474"}],"curies":[{"name":"wp","href":"https:\/\/api.w.org\/{rel}","templated":true}]}}